{"id":411,"date":"2025-10-28T17:46:56","date_gmt":"2025-10-28T17:46:56","guid":{"rendered":"https:\/\/conectapalancia.es\/about-aesencia"},"modified":"2025-11-05T16:08:24","modified_gmt":"2025-11-05T16:08:24","slug":"about-aesencia","status":"publish","type":"page","link":"https:\/\/conectapalancia.es\/en\/about-aesencia","title":{"rendered":"About Aesencia"},"content":{"rendered":"<p>[et_pb_section fb_built=&#8221;1&#8243; admin_label=&#8221;section&#8221; _builder_version=&#8221;4.16&#8243; custom_padding=&#8221;80px|||||&#8221; global_colors_info=&#8221;{}&#8221;][et_pb_row _builder_version=&#8221;4.27.4&#8243; _module_preset=&#8221;default&#8221; custom_padding=&#8221;0px||40px|||&#8221; locked=&#8221;off&#8221; global_colors_info=&#8221;{}&#8221;][et_pb_column type=&#8221;4_4&#8243; _builder_version=&#8221;4.27.4&#8243; _module_preset=&#8221;default&#8221; global_colors_info=&#8221;{}&#8221;][et_pb_heading title=&#8221;Aesencia Ceramica&#8221; _builder_version=&#8221;4.27.4&#8243; _module_preset=&#8221;default&#8221; title_font=&#8221;|700|||||||&#8221; title_text_align=&#8221;left&#8221; title_font_size=&#8221;52px&#8221; title_line_height=&#8221;48px&#8221; custom_margin=&#8221;||18px|||&#8221; title_font_size_tablet=&#8221;48px&#8221; title_font_size_phone=&#8221;35px&#8221; title_font_size_last_edited=&#8221;on|phone&#8221; title_line_height_tablet=&#8221;48px&#8221; title_line_height_phone=&#8221;36.5px&#8221; title_line_height_last_edited=&#8221;on|phone&#8221; global_colors_info=&#8221;{}&#8221;][\/et_pb_heading][et_pb_text _builder_version=&#8221;4.27.4&#8243; _module_preset=&#8221;default&#8221; global_colors_info=&#8221;{}&#8221;]<\/p>\n<p class=\"body-large\" dir=\"auto\">My name is Alicia Calpe Ardit, and I am from and live in Segorbe (Castell\u00f3n).<\/p>\n<p class=\"body\" dir=\"auto\">I have always been in love with art, regardless of the form or material in which it is represented. Today, I work with clay in my workshop in Segorbe, using it not only to create functional pieces but also as a means of expressing feelings and emotions. <\/p>\n<p class=\"body\" dir=\"auto\">Clay is a material that connects you with both the earthly and the spiritual, so even when I combine it with other materials in my creations, it will always remain the main one.<\/p>\n<p class=\"body\" dir=\"auto\">The emotions I have represented so far have always been related to feminine energies, highlighting how changeable and variable they are. Today, I am focusing my work on this theme. <\/p>\n<p>[\/et_pb_text][\/et_pb_column][\/et_pb_row][et_pb_row column_structure=&#8221;1_2,1_2&#8243; use_custom_gutter=&#8221;on&#8221; gutter_width=&#8221;2&#8243; _builder_version=&#8221;4.27.4&#8243; _module_preset=&#8221;default&#8221; custom_padding=&#8221;0px|||||&#8221; global_colors_info=&#8221;{}&#8221;][et_pb_column type=&#8221;1_2&#8243; _builder_version=&#8221;4.27.4&#8243; _module_preset=&#8221;default&#8221; global_colors_info=&#8221;{}&#8221;][et_pb_image src=&#8221;https:\/\/conectapalancia.es\/\/wp-content\/uploads\/2025\/10\/photoroom_20230829_002004-AE07a49XBWFoOr5R-1.avif&#8221; title_text=&#8221;photoroom_20230829_002004-AE07a49XBWFoOr5R&#8221; align=&#8221;center&#8221; force_fullwidth=&#8221;on&#8221; _builder_version=&#8221;4.27.4&#8243; _module_preset=&#8221;default&#8221; global_colors_info=&#8221;{}&#8221;][\/et_pb_image][\/et_pb_column][et_pb_column type=&#8221;1_2&#8243; _builder_version=&#8221;4.27.4&#8243; _module_preset=&#8221;default&#8221; global_colors_info=&#8221;{}&#8221;][et_pb_image src=&#8221;https:\/\/conectapalancia.es\/\/wp-content\/uploads\/2025\/10\/img_6886-mk34q9XQv2T1NlVw.avif&#8221; title_text=&#8221;img_6886-mk34q9XQv2T1NlVw&#8221; align=&#8221;center&#8221; force_fullwidth=&#8221;on&#8221; _builder_version=&#8221;4.27.4&#8243; _module_preset=&#8221;default&#8221; global_colors_info=&#8221;{}&#8221;][\/et_pb_image][\/et_pb_column][\/et_pb_row][et_pb_row _builder_version=&#8221;4.27.4&#8243; _module_preset=&#8221;default&#8221; custom_padding=&#8221;0px||22px|||&#8221; locked=&#8221;off&#8221; global_colors_info=&#8221;{}&#8221;][et_pb_column type=&#8221;4_4&#8243; _builder_version=&#8221;4.27.4&#8243; _module_preset=&#8221;default&#8221; global_colors_info=&#8221;{}&#8221;][et_pb_text _builder_version=&#8221;4.27.4&#8243; _module_preset=&#8221;default&#8221; text_font=&#8221;||||||||&#8221; global_colors_info=&#8221;{}&#8221;]<\/p>\n<p dir=\"auto\" class=\"body-small\">Web: <u><a target=\"\" href=\"http:\/\/www.aesencia.com\/\">www.aesencia.com<\/a><\/u><\/p>\n<p dir=\"auto\" class=\"body\"><span><strong>Instagram: @aesenciabyaliciacalpeardit<\/strong><\/span><\/p>\n<p dir=\"auto\" class=\"body\"><span><strong>Facebook: Aesencia Ceramica<\/strong><\/span><\/p>\n<p dir=\"auto\" class=\"body\"><span><strong>Tik Tok: @aesenciabyaliciacalpe<\/strong><\/span><\/p>\n<p dir=\"auto\" class=\"body-small\">Name: Alicia Calpe Ardit<\/p>\n<p dir=\"auto\" class=\"body-small\">Specialty: Ceramic art<\/p>\n<p dir=\"auto\" class=\"body-small\">Location: Segorbe<\/p>\n<p dir=\"auto\" class=\"body-small\">Phone: 653409528<\/p>\n<p dir=\"auto\" class=\"body-small\">E-mail: <u><a target=\"\" href=\"mailto:aesencia.ceramica@gmail.com\">aesencia.ceramica@gmail.com<\/a><\/u><\/p>\n<p>[\/et_pb_text][\/et_pb_column][\/et_pb_row][et_pb_row column_structure=&#8221;1_2,1_2&#8243; use_custom_gutter=&#8221;on&#8221; gutter_width=&#8221;2&#8243; _builder_version=&#8221;4.27.4&#8243; _module_preset=&#8221;default&#8221; custom_padding=&#8221;0px|||||&#8221; locked=&#8221;off&#8221; global_colors_info=&#8221;{}&#8221;][et_pb_column type=&#8221;1_2&#8243; _builder_version=&#8221;4.27.4&#8243; _module_preset=&#8221;default&#8221; global_colors_info=&#8221;{}&#8221;][et_pb_image src=&#8221;https:\/\/conectapalancia.es\/\/wp-content\/uploads\/2025\/10\/img_6821-YX4jab5L4efzNjN6.avif&#8221; title_text=&#8221;img_6821-YX4jab5L4efzNjN6&#8243; align=&#8221;center&#8221; force_fullwidth=&#8221;on&#8221; _builder_version=&#8221;4.27.4&#8243; _module_preset=&#8221;default&#8221; global_colors_info=&#8221;{}&#8221;][\/et_pb_image][\/et_pb_column][et_pb_column type=&#8221;1_2&#8243; _builder_version=&#8221;4.27.4&#8243; _module_preset=&#8221;default&#8221; global_colors_info=&#8221;{}&#8221;][et_pb_image src=&#8221;https:\/\/conectapalancia.es\/\/wp-content\/uploads\/2025\/10\/img_3925-AE07a4e6opIk9NgZ.avif&#8221; title_text=&#8221;img_3925-AE07a4e6opIk9NgZ&#8221; align=&#8221;center&#8221; force_fullwidth=&#8221;on&#8221; _builder_version=&#8221;4.27.4&#8243; _module_preset=&#8221;default&#8221; global_colors_info=&#8221;{}&#8221;][\/et_pb_image][\/et_pb_column][\/et_pb_row][\/et_pb_section]<\/p>\n","protected":false},"excerpt":{"rendered":"<p>My name is Alicia Calpe Ardit, and I am from and live in Segorbe (Castell\u00f3n). I have always been in love with art, regardless of the form or material in which it is represented. Today, I work with clay in my workshop in Segorbe, using it not only to create functional pieces but also as [&hellip;]<\/p>\n","protected":false},"author":1,"featured_media":0,"parent":0,"menu_order":0,"comment_status":"closed","ping_status":"closed","template":"","meta":{"_et_pb_use_builder":"on","_et_pb_old_content":"","_et_gb_content_width":"","footnotes":""},"class_list":["post-411","page","type-page","status-publish","hentry"],"yoast_head":"<!-- This site is optimized with the Yoast SEO plugin v27.4 - https:\/\/yoast.com\/product\/yoast-seo-wordpress\/ -->\n<title>Aesencia Cer\u00e1mica | Handmade ceramic art in Segorbe by Alicia Calpe Ardit<\/title>\n<meta name=\"description\" content=\"Aesencia Cer\u00e1mica is the project of Alicia Calpe Ardit, a ceramic artist from Segorbe (Castell\u00f3n), who creates unique clay pieces inspired by feminine energy and the emotional expression through matter.\" \/>\n<meta name=\"robots\" content=\"index, follow, max-snippet:-1, max-image-preview:large, max-video-preview:-1\" \/>\n<link rel=\"canonical\" href=\"https:\/\/conectapalancia.es\/en\/about-aesencia\" \/>\n<meta property=\"og:locale\" content=\"en_US\" \/>\n<meta property=\"og:type\" content=\"article\" \/>\n<meta property=\"og:title\" content=\"Aesencia Cer\u00e1mica | Handmade ceramic art in Segorbe by Alicia Calpe Ardit\" \/>\n<meta property=\"og:description\" content=\"Aesencia Cer\u00e1mica is the project of Alicia Calpe Ardit, a ceramic artist from Segorbe (Castell\u00f3n), who creates unique clay pieces inspired by feminine energy and the emotional expression through matter.\" \/>\n<meta property=\"og:url\" content=\"https:\/\/conectapalancia.es\/en\/about-aesencia\" \/>\n<meta property=\"og:site_name\" content=\"Conecta Palancia\" \/>\n<meta property=\"article:modified_time\" content=\"2025-11-05T16:08:24+00:00\" \/>\n<meta name=\"twitter:card\" content=\"summary_large_image\" \/>\n<meta name=\"twitter:label1\" content=\"Est. reading time\" \/>\n\t<meta name=\"twitter:data1\" content=\"3 minutes\" \/>\n<script type=\"application\/ld+json\" class=\"yoast-schema-graph\">{\"@context\":\"https:\\\/\\\/schema.org\",\"@graph\":[{\"@type\":\"WebPage\",\"@id\":\"https:\\\/\\\/conectapalancia.es\\\/en\\\/about-aesencia\",\"url\":\"https:\\\/\\\/conectapalancia.es\\\/en\\\/about-aesencia\",\"name\":\"Aesencia Cer\u00e1mica | Handmade ceramic art in Segorbe by Alicia Calpe Ardit\",\"isPartOf\":{\"@id\":\"https:\\\/\\\/conectapalancia.es\\\/en#website\"},\"datePublished\":\"2025-10-28T17:46:56+00:00\",\"dateModified\":\"2025-11-05T16:08:24+00:00\",\"description\":\"Aesencia Cer\u00e1mica is the project of Alicia Calpe Ardit, a ceramic artist from Segorbe (Castell\u00f3n), who creates unique clay pieces inspired by feminine energy and the emotional expression through matter.\",\"breadcrumb\":{\"@id\":\"https:\\\/\\\/conectapalancia.es\\\/en\\\/about-aesencia#breadcrumb\"},\"inLanguage\":\"en-US\",\"potentialAction\":[{\"@type\":\"ReadAction\",\"target\":[\"https:\\\/\\\/conectapalancia.es\\\/en\\\/about-aesencia\"]}]},{\"@type\":\"BreadcrumbList\",\"@id\":\"https:\\\/\\\/conectapalancia.es\\\/en\\\/about-aesencia#breadcrumb\",\"itemListElement\":[{\"@type\":\"ListItem\",\"position\":1,\"name\":\"Portada\",\"item\":\"https:\\\/\\\/conectapalancia.es\\\/en\"},{\"@type\":\"ListItem\",\"position\":2,\"name\":\"About Aesencia\"}]},{\"@type\":\"WebSite\",\"@id\":\"https:\\\/\\\/conectapalancia.es\\\/en#website\",\"url\":\"https:\\\/\\\/conectapalancia.es\\\/en\",\"name\":\"Conecta Palancia\",\"description\":\"\",\"publisher\":{\"@id\":\"https:\\\/\\\/conectapalancia.es\\\/en#organization\"},\"potentialAction\":[{\"@type\":\"SearchAction\",\"target\":{\"@type\":\"EntryPoint\",\"urlTemplate\":\"https:\\\/\\\/conectapalancia.es\\\/en?s={search_term_string}\"},\"query-input\":{\"@type\":\"PropertyValueSpecification\",\"valueRequired\":true,\"valueName\":\"search_term_string\"}}],\"inLanguage\":\"en-US\"},{\"@type\":\"Organization\",\"@id\":\"https:\\\/\\\/conectapalancia.es\\\/en#organization\",\"name\":\"Conecta Palancia\",\"url\":\"https:\\\/\\\/conectapalancia.es\\\/en\",\"logo\":{\"@type\":\"ImageObject\",\"inLanguage\":\"en-US\",\"@id\":\"https:\\\/\\\/conectapalancia.es\\\/en#\\\/schema\\\/logo\\\/image\\\/\",\"url\":\"https:\\\/\\\/conectapalancia.es\\\/wp-content\\\/uploads\\\/2025\\\/10\\\/logo-dOqDOn5LnMTxqkDK.avif\",\"contentUrl\":\"https:\\\/\\\/conectapalancia.es\\\/wp-content\\\/uploads\\\/2025\\\/10\\\/logo-dOqDOn5LnMTxqkDK.avif\",\"width\":768,\"height\":125,\"caption\":\"Conecta Palancia\"},\"image\":{\"@id\":\"https:\\\/\\\/conectapalancia.es\\\/en#\\\/schema\\\/logo\\\/image\\\/\"}}]}<\/script>\n<!-- \/ Yoast SEO plugin. -->","yoast_head_json":{"title":"Aesencia Cer\u00e1mica | Handmade ceramic art in Segorbe by Alicia Calpe Ardit","description":"Aesencia Cer\u00e1mica is the project of Alicia Calpe Ardit, a ceramic artist from Segorbe (Castell\u00f3n), who creates unique clay pieces inspired by feminine energy and the emotional expression through matter.","robots":{"index":"index","follow":"follow","max-snippet":"max-snippet:-1","max-image-preview":"max-image-preview:large","max-video-preview":"max-video-preview:-1"},"canonical":"https:\/\/conectapalancia.es\/en\/about-aesencia","og_locale":"en_US","og_type":"article","og_title":"Aesencia Cer\u00e1mica | Handmade ceramic art in Segorbe by Alicia Calpe Ardit","og_description":"Aesencia Cer\u00e1mica is the project of Alicia Calpe Ardit, a ceramic artist from Segorbe (Castell\u00f3n), who creates unique clay pieces inspired by feminine energy and the emotional expression through matter.","og_url":"https:\/\/conectapalancia.es\/en\/about-aesencia","og_site_name":"Conecta Palancia","article_modified_time":"2025-11-05T16:08:24+00:00","twitter_card":"summary_large_image","twitter_misc":{"Est. reading time":"3 minutes"},"schema":{"@context":"https:\/\/schema.org","@graph":[{"@type":"WebPage","@id":"https:\/\/conectapalancia.es\/en\/about-aesencia","url":"https:\/\/conectapalancia.es\/en\/about-aesencia","name":"Aesencia Cer\u00e1mica | Handmade ceramic art in Segorbe by Alicia Calpe Ardit","isPartOf":{"@id":"https:\/\/conectapalancia.es\/en#website"},"datePublished":"2025-10-28T17:46:56+00:00","dateModified":"2025-11-05T16:08:24+00:00","description":"Aesencia Cer\u00e1mica is the project of Alicia Calpe Ardit, a ceramic artist from Segorbe (Castell\u00f3n), who creates unique clay pieces inspired by feminine energy and the emotional expression through matter.","breadcrumb":{"@id":"https:\/\/conectapalancia.es\/en\/about-aesencia#breadcrumb"},"inLanguage":"en-US","potentialAction":[{"@type":"ReadAction","target":["https:\/\/conectapalancia.es\/en\/about-aesencia"]}]},{"@type":"BreadcrumbList","@id":"https:\/\/conectapalancia.es\/en\/about-aesencia#breadcrumb","itemListElement":[{"@type":"ListItem","position":1,"name":"Portada","item":"https:\/\/conectapalancia.es\/en"},{"@type":"ListItem","position":2,"name":"About Aesencia"}]},{"@type":"WebSite","@id":"https:\/\/conectapalancia.es\/en#website","url":"https:\/\/conectapalancia.es\/en","name":"Conecta Palancia","description":"","publisher":{"@id":"https:\/\/conectapalancia.es\/en#organization"},"potentialAction":[{"@type":"SearchAction","target":{"@type":"EntryPoint","urlTemplate":"https:\/\/conectapalancia.es\/en?s={search_term_string}"},"query-input":{"@type":"PropertyValueSpecification","valueRequired":true,"valueName":"search_term_string"}}],"inLanguage":"en-US"},{"@type":"Organization","@id":"https:\/\/conectapalancia.es\/en#organization","name":"Conecta Palancia","url":"https:\/\/conectapalancia.es\/en","logo":{"@type":"ImageObject","inLanguage":"en-US","@id":"https:\/\/conectapalancia.es\/en#\/schema\/logo\/image\/","url":"https:\/\/conectapalancia.es\/wp-content\/uploads\/2025\/10\/logo-dOqDOn5LnMTxqkDK.avif","contentUrl":"https:\/\/conectapalancia.es\/wp-content\/uploads\/2025\/10\/logo-dOqDOn5LnMTxqkDK.avif","width":768,"height":125,"caption":"Conecta Palancia"},"image":{"@id":"https:\/\/conectapalancia.es\/en#\/schema\/logo\/image\/"}}]}},"_hostinger_reach_plugin_has_subscription_block":false,"_hostinger_reach_plugin_is_elementor":false,"_links":{"self":[{"href":"https:\/\/conectapalancia.es\/en\/wp-json\/wp\/v2\/pages\/411","targetHints":{"allow":["GET"]}}],"collection":[{"href":"https:\/\/conectapalancia.es\/en\/wp-json\/wp\/v2\/pages"}],"about":[{"href":"https:\/\/conectapalancia.es\/en\/wp-json\/wp\/v2\/types\/page"}],"author":[{"embeddable":true,"href":"https:\/\/conectapalancia.es\/en\/wp-json\/wp\/v2\/users\/1"}],"replies":[{"embeddable":true,"href":"https:\/\/conectapalancia.es\/en\/wp-json\/wp\/v2\/comments?post=411"}],"version-history":[{"count":2,"href":"https:\/\/conectapalancia.es\/en\/wp-json\/wp\/v2\/pages\/411\/revisions"}],"predecessor-version":[{"id":413,"href":"https:\/\/conectapalancia.es\/en\/wp-json\/wp\/v2\/pages\/411\/revisions\/413"}],"wp:attachment":[{"href":"https:\/\/conectapalancia.es\/en\/wp-json\/wp\/v2\/media?parent=411"}],"curies":[{"name":"wp","href":"https:\/\/api.w.org\/{rel}","templated":true}]}}