{"id":427,"date":"2025-10-29T09:48:34","date_gmt":"2025-10-29T09:48:34","guid":{"rendered":"https:\/\/conectapalancia.es\/about-bodegas-alcovi"},"modified":"2025-11-05T16:22:19","modified_gmt":"2025-11-05T16:22:19","slug":"about-bodegas-alcovi","status":"publish","type":"page","link":"https:\/\/conectapalancia.es\/en\/about-bodegas-alcovi","title":{"rendered":"About BODEGAS ALCOVI"},"content":{"rendered":"<p>[et_pb_section fb_built=&#8221;1&#8243; admin_label=&#8221;section&#8221; _builder_version=&#8221;4.16&#8243; custom_padding=&#8221;80px|||||&#8221; global_colors_info=&#8221;{}&#8221;][et_pb_row _builder_version=&#8221;4.27.4&#8243; _module_preset=&#8221;default&#8221; custom_padding=&#8221;0px||40px|||&#8221; locked=&#8221;off&#8221; global_colors_info=&#8221;{}&#8221;][et_pb_column type=&#8221;4_4&#8243; _builder_version=&#8221;4.27.4&#8243; _module_preset=&#8221;default&#8221; global_colors_info=&#8221;{}&#8221;][et_pb_heading title=&#8221;BODEGAS ALCOVI&#8221; _builder_version=&#8221;4.27.4&#8243; _module_preset=&#8221;default&#8221; title_font=&#8221;|700|||||||&#8221; title_text_align=&#8221;left&#8221; title_font_size=&#8221;52px&#8221; title_line_height=&#8221;48px&#8221; custom_margin=&#8221;||18px|||&#8221; title_font_size_tablet=&#8221;48px&#8221; title_font_size_phone=&#8221;35px&#8221; title_font_size_last_edited=&#8221;on|phone&#8221; title_line_height_tablet=&#8221;48px&#8221; title_line_height_phone=&#8221;36.5px&#8221; title_line_height_last_edited=&#8221;on|phone&#8221; global_colors_info=&#8221;{}&#8221;][\/et_pb_heading][et_pb_text _builder_version=&#8221;4.27.4&#8243; _module_preset=&#8221;default&#8221; global_colors_info=&#8221;{}&#8221;]<\/p>\n<p dir=\"auto\" class=\"body\">Bodega Alcovi, a family project located in Almed\u00edjar, in the heart of the Sierra de Espad\u00e1n Natural Park in Castell\u00f3n. Here, we work with passion, commitment, and absolute respect for our natural surroundings, choosing organic viticulture and artisanal winemaking from the very beginning. <\/p>\n<p dir=\"auto\" class=\"body\">Beginnings of the project (2005)<\/p>\n<p dir=\"auto\" class=\"body\">In 2005, we began this project with the goal of reviving the winemaking tradition of the area, which had almost completely disappeared after phylloxera. We started from scratch, with a deep understanding of the land, the inland Mediterranean climate, and the grape varieties that best adapt to this mountainous and dry environment. <\/p>\n<p dir=\"auto\" class=\"body\">First vinifications and growth (2009)<\/p>\n<p dir=\"auto\" class=\"body\">In 2009, we took an important step by moving to newer, more modern facilities. That was when we released our first bottles: Alcovi Red, Alcovi White, and Se\u00f1or\u00edo de Almed\u00edjar. Since then, we have continued to grow and innovate, always maintaining an artisanal approach.  <\/p>\n<p dir=\"auto\" class=\"body\">Commitment to wine tourism and new product lines (2014\u20132017)<\/p>\n<p dir=\"auto\" class=\"body\">\n<p dir=\"auto\" class=\"body\">In 2014, we began opening the doors of the winery to the public. We incorporated wine tourism as an essential part of the project, offering guided tours, tastings, and pairings that allow visitors to experience our work up close. That same year, we introduced the Rodeno line, and between 2015 and 2017, we developed the Alma de Espad\u00e1n range, composed of single-varietal wines made from Cabernet Sauvignon, Syrah, and Monastrell.  <\/p>\n<p dir=\"auto\" class=\"body\">Signature wine for the tenth anniversary (2019)<\/p>\n<p dir=\"auto\" class=\"body\">In 2019, we celebrated our tenth anniversary with a special edition: Se\u00f1or\u00edo de Almed\u00edjar Selecci\u00f3n, a signature wine aged for 24 months in barrel, produced exclusively in exceptional years. This wine reflects the journey we\u2019ve taken and our evolution as a winery. <\/p>\n<p dir=\"auto\" class=\"body\">Vineyard and work philosophy<\/p>\n<p dir=\"auto\" class=\"body\">We currently work around 8 hectares of our own dry-farmed vineyard, divided into small plots that are difficult to mechanize. This is why all our harvesting is done manually, typically around the second week of September. The varieties we cultivate include Cabernet Sauvignon, Monastrell, Syrah, Sauvignon Blanc, as well as traditional grapes such as Castellana and Planta Fina.  <\/p>\n<p dir=\"auto\" class=\"body\">We apply rigorous organic farming, without herbicides or chemical products. In the winery, fermentation takes place in stainless steel tanks with temperature control, and for aging we use French and American oak barrels. Bottling is done by hand, using natural cork stoppers sourced from the cork oak trees in the park.  <\/p>\n<p dir=\"auto\" class=\"body\">Awards and recognitions<\/p>\n<p dir=\"auto\" class=\"body\">Our wines have been recognized in various national competitions, such as the Real Casino de Madrid, where we have received silver medals for Alma de Espad\u00e1n Cabernet and Se\u00f1or\u00edo de Almed\u00edjar. We have also been awarded at the Mostra Proava, especially for Alcovi White and our single-varietal wines. <\/p>\n<p dir=\"auto\" class=\"body\">Wine tourism and experiences<\/p>\n<p>[\/et_pb_text][\/et_pb_column][\/et_pb_row][et_pb_row column_structure=&#8221;1_2,1_2&#8243; use_custom_gutter=&#8221;on&#8221; gutter_width=&#8221;2&#8243; _builder_version=&#8221;4.27.4&#8243; _module_preset=&#8221;default&#8221; custom_padding=&#8221;0px|||||&#8221; global_colors_info=&#8221;{}&#8221;][et_pb_column type=&#8221;1_2&#8243; _builder_version=&#8221;4.27.4&#8243; _module_preset=&#8221;default&#8221; global_colors_info=&#8221;{}&#8221;][et_pb_image src=&#8221;https:\/\/conectapalancia.es\/\/wp-content\/uploads\/2025\/10\/photo-2025-09-15-13-34-25-1-A0xv1Vp9BNHgv6J4.avif&#8221; title_text=&#8221;photo-2025-09-15-13-34-25-1-A0xv1Vp9BNHgv6J4&#8243; align=&#8221;center&#8221; force_fullwidth=&#8221;on&#8221; _builder_version=&#8221;4.27.4&#8243; _module_preset=&#8221;default&#8221; global_colors_info=&#8221;{}&#8221;][\/et_pb_image][\/et_pb_column][et_pb_column type=&#8221;1_2&#8243; _builder_version=&#8221;4.27.4&#8243; _module_preset=&#8221;default&#8221; global_colors_info=&#8221;{}&#8221;][et_pb_image src=&#8221;https:\/\/conectapalancia.es\/wp-content\/uploads\/2025\/10\/photo-2025-09-15-13-32-55-2-YNqMPrKbGwCWqj8E.jpg&#8221; title_text=&#8221;photo-2025-09-15-13-32-55-2-YNqMPrKbGwCWqj8E&#8221; align=&#8221;center&#8221; force_fullwidth=&#8221;on&#8221; _builder_version=&#8221;4.27.4&#8243; _module_preset=&#8221;default&#8221; global_colors_info=&#8221;{}&#8221;][\/et_pb_image][\/et_pb_column][\/et_pb_row][et_pb_row _builder_version=&#8221;4.27.4&#8243; _module_preset=&#8221;default&#8221; custom_padding=&#8221;0px||22px|||&#8221; locked=&#8221;off&#8221; global_colors_info=&#8221;{}&#8221;][et_pb_column type=&#8221;4_4&#8243; _builder_version=&#8221;4.27.4&#8243; _module_preset=&#8221;default&#8221; global_colors_info=&#8221;{}&#8221;][et_pb_text _builder_version=&#8221;4.27.4&#8243; _module_preset=&#8221;default&#8221; text_font=&#8221;||||||||&#8221; global_colors_info=&#8221;{}&#8221;]<\/p>\n<section id=\"z9GNAi\" class=\"block\" data-v-56bc2a90=\"\" data-qa=\"block\">\n<div class=\"block-layout block-layout--layout\" data-v-56bc2a90=\"\">\n<div class=\"layout-element layout-element--layout layout-element transition transition--slide\" data-v-4edbe80f=\"\" data-qa=\"layout-element-wrapper:zotya6\" data-animation-state=\"active\">\n<div class=\"text-box layout-element__component layout-element__component--GridTextBox\" id=\"zoTYa6\" data-v-4edbe80f=\"\" data-qa=\"gridtextbox:zotya6\">\n<section id=\"zX-vvd\" class=\"block\" data-v-56bc2a90=\"\" data-qa=\"block\">\n<div class=\"block-layout block-layout--layout\" data-v-56bc2a90=\"\">\n<div class=\"layout-element layout-element--layout layout-element transition transition--slide\" data-v-4edbe80f=\"\" data-qa=\"layout-element-wrapper:znrjxa\" data-animation-state=\"active\">\n<div class=\"text-box layout-element__component layout-element__component--GridTextBox\" id=\"znrJXa\" data-v-4edbe80f=\"\" data-qa=\"gridtextbox:znrjxa\">\n<section id=\"z_uAh1\" class=\"block\" data-v-56bc2a90=\"\" data-qa=\"block\">\n<div class=\"block-layout block-layout--layout\" data-v-56bc2a90=\"\">\n<div class=\"layout-element layout-element--layout layout-element transition transition--slide\" data-v-4edbe80f=\"\" data-qa=\"layout-element-wrapper:zbc1cj\" data-animation-state=\"active\">\n<div class=\"text-box layout-element__component layout-element__component--GridTextBox\" id=\"zbc1Cj\" data-v-4edbe80f=\"\" data-qa=\"gridtextbox:zbc1cj\">\n<p dir=\"auto\" class=\"body-small\"><strong>Web: <u><a target=\"\" href=\"https:\/\/alcovibodega.com\/\">https:\/\/alcovibodega.com\/<\/a><\/u><\/strong><\/p>\n<p dir=\"auto\" class=\"body\"><strong>Instagram: <a href=\"https:\/\/www.instagram.com\/alcovibodega?igsh=M2h2cm1wY2R0M2Zr\">https:\/\/www.instagram.com\/alcovibodega?igsh=M2h2cm1wY2R0M2Zr<\/a><\/strong><\/p>\n<p dir=\"auto\" class=\"body\"><strong>Facebook: <a href=\"https:\/\/www.facebook.com\/alcovibodega\/?locale=es_ES\">https:\/\/www.facebook.com\/alcovibodega\/?locale=es_ES<\/a><\/strong><\/p>\n<p dir=\"auto\" class=\"body-small\"><strong>Name: <\/strong>Sergio Fuster<\/p>\n<p dir=\"auto\" class=\"body-small\"><strong>Speciality: <\/strong>T\u00e9cnico<\/p>\n<p dir=\"auto\" class=\"body-small\"><strong>Location: <\/strong>Almed\u00edjar<\/p>\n<p dir=\"auto\" class=\"body-small\"><strong>Phone <\/strong>639622687<\/p>\n<p dir=\"auto\" class=\"body-small\"><strong>E-mail: <\/strong><u><a target=\"\" href=\"mailto:sergioalme.789@gmail.com\">sergioalme.789@gmail.com<\/a><\/u><\/p>\n<\/div>\n<\/div>\n<\/div>\n<\/section>\n<section id=\"zAcXIQ\" class=\"block\" data-v-56bc2a90=\"\" data-qa=\"block\"><\/section>\n<\/div>\n<\/div>\n<\/div>\n<\/section>\n<section id=\"zHaHLY\" class=\"block\" data-v-56bc2a90=\"\" data-qa=\"block\"><\/section>\n<\/div>\n<\/div>\n<\/div>\n<\/section>\n<section id=\"zlG-Dp\" class=\"block\" data-v-56bc2a90=\"\" data-qa=\"block\"><\/section>\n<p>[\/et_pb_text][\/et_pb_column][\/et_pb_row][et_pb_row use_custom_gutter=&#8221;on&#8221; gutter_width=&#8221;2&#8243; _builder_version=&#8221;4.27.4&#8243; _module_preset=&#8221;default&#8221; custom_padding=&#8221;0px||0px|||&#8221; locked=&#8221;off&#8221; global_colors_info=&#8221;{}&#8221;][et_pb_column type=&#8221;4_4&#8243; _builder_version=&#8221;4.27.4&#8243; _module_preset=&#8221;default&#8221; global_colors_info=&#8221;{}&#8221;][et_pb_image src=&#8221;https:\/\/conectapalancia.es\/wp-content\/uploads\/2025\/10\/photo-2025-09-15-13-34-25-mk34q9V6XwhpqMam.jpg&#8221; title_text=&#8221;photo-2025-09-15-13-34-25-mk34q9V6XwhpqMam&#8221; align=&#8221;center&#8221; force_fullwidth=&#8221;on&#8221; _builder_version=&#8221;4.27.4&#8243; _module_preset=&#8221;default&#8221; global_colors_info=&#8221;{}&#8221;][\/et_pb_image][\/et_pb_column][\/et_pb_row][\/et_pb_section]<\/p>\n","protected":false},"excerpt":{"rendered":"<p>Bodega Alcovi, a family project located in Almed\u00edjar, in the heart of the Sierra de Espad\u00e1n Natural Park in Castell\u00f3n. Here, we work with passion, commitment, and absolute respect for our natural surroundings, choosing organic viticulture and artisanal winemaking from the very beginning. Beginnings of the project (2005) In 2005, we began this project with [&hellip;]<\/p>\n","protected":false},"author":1,"featured_media":0,"parent":0,"menu_order":0,"comment_status":"closed","ping_status":"closed","template":"","meta":{"_et_pb_use_builder":"on","_et_pb_old_content":"","_et_gb_content_width":"","footnotes":""},"class_list":["post-427","page","type-page","status-publish","hentry"],"yoast_head":"<!-- This site is optimized with the Yoast SEO plugin v27.4 - https:\/\/yoast.com\/product\/yoast-seo-wordpress\/ -->\n<title>Bodega Alcovi | Organic wines from the Sierra de Espad\u00e1n (Castell\u00f3n)<\/title>\n<meta name=\"description\" content=\"Discover Bodega Alcovi in Almed\u00edjar (Sierra de Espad\u00e1n). Organic viticulture on red sandstone soils, Cabernet Sauvignon and Monastrell varieties, and wine tourism and tasting experiences in a privileged natural setting.\" \/>\n<meta name=\"robots\" content=\"index, follow, max-snippet:-1, max-image-preview:large, max-video-preview:-1\" \/>\n<link rel=\"canonical\" href=\"https:\/\/conectapalancia.es\/en\/about-bodegas-alcovi\" \/>\n<meta property=\"og:locale\" content=\"en_US\" \/>\n<meta property=\"og:type\" content=\"article\" \/>\n<meta property=\"og:title\" content=\"Bodega Alcovi | Organic wines from the Sierra de Espad\u00e1n (Castell\u00f3n)\" \/>\n<meta property=\"og:description\" content=\"Discover Bodega Alcovi in Almed\u00edjar (Sierra de Espad\u00e1n). Organic viticulture on red sandstone soils, Cabernet Sauvignon and Monastrell varieties, and wine tourism and tasting experiences in a privileged natural setting.\" \/>\n<meta property=\"og:url\" content=\"https:\/\/conectapalancia.es\/en\/about-bodegas-alcovi\" \/>\n<meta property=\"og:site_name\" content=\"Conecta Palancia\" \/>\n<meta property=\"article:modified_time\" content=\"2025-11-05T16:22:19+00:00\" \/>\n<meta name=\"twitter:card\" content=\"summary_large_image\" \/>\n<meta name=\"twitter:label1\" content=\"Est. reading time\" \/>\n\t<meta name=\"twitter:data1\" content=\"5 minutes\" \/>\n<script type=\"application\/ld+json\" class=\"yoast-schema-graph\">{\"@context\":\"https:\\\/\\\/schema.org\",\"@graph\":[{\"@type\":\"WebPage\",\"@id\":\"https:\\\/\\\/conectapalancia.es\\\/en\\\/about-bodegas-alcovi\",\"url\":\"https:\\\/\\\/conectapalancia.es\\\/en\\\/about-bodegas-alcovi\",\"name\":\"Bodega Alcovi | Organic wines from the Sierra de Espad\u00e1n (Castell\u00f3n)\",\"isPartOf\":{\"@id\":\"https:\\\/\\\/conectapalancia.es\\\/en#website\"},\"datePublished\":\"2025-10-29T09:48:34+00:00\",\"dateModified\":\"2025-11-05T16:22:19+00:00\",\"description\":\"Discover Bodega Alcovi in Almed\u00edjar (Sierra de Espad\u00e1n). Organic viticulture on red sandstone soils, Cabernet Sauvignon and Monastrell varieties, and wine tourism and tasting experiences in a privileged natural setting.\",\"breadcrumb\":{\"@id\":\"https:\\\/\\\/conectapalancia.es\\\/en\\\/about-bodegas-alcovi#breadcrumb\"},\"inLanguage\":\"en-US\",\"potentialAction\":[{\"@type\":\"ReadAction\",\"target\":[\"https:\\\/\\\/conectapalancia.es\\\/en\\\/about-bodegas-alcovi\"]}]},{\"@type\":\"BreadcrumbList\",\"@id\":\"https:\\\/\\\/conectapalancia.es\\\/en\\\/about-bodegas-alcovi#breadcrumb\",\"itemListElement\":[{\"@type\":\"ListItem\",\"position\":1,\"name\":\"Portada\",\"item\":\"https:\\\/\\\/conectapalancia.es\\\/en\"},{\"@type\":\"ListItem\",\"position\":2,\"name\":\"About BODEGAS ALCOVI\"}]},{\"@type\":\"WebSite\",\"@id\":\"https:\\\/\\\/conectapalancia.es\\\/en#website\",\"url\":\"https:\\\/\\\/conectapalancia.es\\\/en\",\"name\":\"Conecta Palancia\",\"description\":\"\",\"publisher\":{\"@id\":\"https:\\\/\\\/conectapalancia.es\\\/en#organization\"},\"potentialAction\":[{\"@type\":\"SearchAction\",\"target\":{\"@type\":\"EntryPoint\",\"urlTemplate\":\"https:\\\/\\\/conectapalancia.es\\\/en?s={search_term_string}\"},\"query-input\":{\"@type\":\"PropertyValueSpecification\",\"valueRequired\":true,\"valueName\":\"search_term_string\"}}],\"inLanguage\":\"en-US\"},{\"@type\":\"Organization\",\"@id\":\"https:\\\/\\\/conectapalancia.es\\\/en#organization\",\"name\":\"Conecta Palancia\",\"url\":\"https:\\\/\\\/conectapalancia.es\\\/en\",\"logo\":{\"@type\":\"ImageObject\",\"inLanguage\":\"en-US\",\"@id\":\"https:\\\/\\\/conectapalancia.es\\\/en#\\\/schema\\\/logo\\\/image\\\/\",\"url\":\"https:\\\/\\\/conectapalancia.es\\\/wp-content\\\/uploads\\\/2025\\\/10\\\/logo-dOqDOn5LnMTxqkDK.avif\",\"contentUrl\":\"https:\\\/\\\/conectapalancia.es\\\/wp-content\\\/uploads\\\/2025\\\/10\\\/logo-dOqDOn5LnMTxqkDK.avif\",\"width\":768,\"height\":125,\"caption\":\"Conecta Palancia\"},\"image\":{\"@id\":\"https:\\\/\\\/conectapalancia.es\\\/en#\\\/schema\\\/logo\\\/image\\\/\"}}]}<\/script>\n<!-- \/ Yoast SEO plugin. -->","yoast_head_json":{"title":"Bodega Alcovi | Organic wines from the Sierra de Espad\u00e1n (Castell\u00f3n)","description":"Discover Bodega Alcovi in Almed\u00edjar (Sierra de Espad\u00e1n). Organic viticulture on red sandstone soils, Cabernet Sauvignon and Monastrell varieties, and wine tourism and tasting experiences in a privileged natural setting.","robots":{"index":"index","follow":"follow","max-snippet":"max-snippet:-1","max-image-preview":"max-image-preview:large","max-video-preview":"max-video-preview:-1"},"canonical":"https:\/\/conectapalancia.es\/en\/about-bodegas-alcovi","og_locale":"en_US","og_type":"article","og_title":"Bodega Alcovi | Organic wines from the Sierra de Espad\u00e1n (Castell\u00f3n)","og_description":"Discover Bodega Alcovi in Almed\u00edjar (Sierra de Espad\u00e1n). Organic viticulture on red sandstone soils, Cabernet Sauvignon and Monastrell varieties, and wine tourism and tasting experiences in a privileged natural setting.","og_url":"https:\/\/conectapalancia.es\/en\/about-bodegas-alcovi","og_site_name":"Conecta Palancia","article_modified_time":"2025-11-05T16:22:19+00:00","twitter_card":"summary_large_image","twitter_misc":{"Est. reading time":"5 minutes"},"schema":{"@context":"https:\/\/schema.org","@graph":[{"@type":"WebPage","@id":"https:\/\/conectapalancia.es\/en\/about-bodegas-alcovi","url":"https:\/\/conectapalancia.es\/en\/about-bodegas-alcovi","name":"Bodega Alcovi | Organic wines from the Sierra de Espad\u00e1n (Castell\u00f3n)","isPartOf":{"@id":"https:\/\/conectapalancia.es\/en#website"},"datePublished":"2025-10-29T09:48:34+00:00","dateModified":"2025-11-05T16:22:19+00:00","description":"Discover Bodega Alcovi in Almed\u00edjar (Sierra de Espad\u00e1n). Organic viticulture on red sandstone soils, Cabernet Sauvignon and Monastrell varieties, and wine tourism and tasting experiences in a privileged natural setting.","breadcrumb":{"@id":"https:\/\/conectapalancia.es\/en\/about-bodegas-alcovi#breadcrumb"},"inLanguage":"en-US","potentialAction":[{"@type":"ReadAction","target":["https:\/\/conectapalancia.es\/en\/about-bodegas-alcovi"]}]},{"@type":"BreadcrumbList","@id":"https:\/\/conectapalancia.es\/en\/about-bodegas-alcovi#breadcrumb","itemListElement":[{"@type":"ListItem","position":1,"name":"Portada","item":"https:\/\/conectapalancia.es\/en"},{"@type":"ListItem","position":2,"name":"About BODEGAS ALCOVI"}]},{"@type":"WebSite","@id":"https:\/\/conectapalancia.es\/en#website","url":"https:\/\/conectapalancia.es\/en","name":"Conecta Palancia","description":"","publisher":{"@id":"https:\/\/conectapalancia.es\/en#organization"},"potentialAction":[{"@type":"SearchAction","target":{"@type":"EntryPoint","urlTemplate":"https:\/\/conectapalancia.es\/en?s={search_term_string}"},"query-input":{"@type":"PropertyValueSpecification","valueRequired":true,"valueName":"search_term_string"}}],"inLanguage":"en-US"},{"@type":"Organization","@id":"https:\/\/conectapalancia.es\/en#organization","name":"Conecta Palancia","url":"https:\/\/conectapalancia.es\/en","logo":{"@type":"ImageObject","inLanguage":"en-US","@id":"https:\/\/conectapalancia.es\/en#\/schema\/logo\/image\/","url":"https:\/\/conectapalancia.es\/wp-content\/uploads\/2025\/10\/logo-dOqDOn5LnMTxqkDK.avif","contentUrl":"https:\/\/conectapalancia.es\/wp-content\/uploads\/2025\/10\/logo-dOqDOn5LnMTxqkDK.avif","width":768,"height":125,"caption":"Conecta Palancia"},"image":{"@id":"https:\/\/conectapalancia.es\/en#\/schema\/logo\/image\/"}}]}},"_hostinger_reach_plugin_has_subscription_block":false,"_hostinger_reach_plugin_is_elementor":false,"_links":{"self":[{"href":"https:\/\/conectapalancia.es\/en\/wp-json\/wp\/v2\/pages\/427","targetHints":{"allow":["GET"]}}],"collection":[{"href":"https:\/\/conectapalancia.es\/en\/wp-json\/wp\/v2\/pages"}],"about":[{"href":"https:\/\/conectapalancia.es\/en\/wp-json\/wp\/v2\/types\/page"}],"author":[{"embeddable":true,"href":"https:\/\/conectapalancia.es\/en\/wp-json\/wp\/v2\/users\/1"}],"replies":[{"embeddable":true,"href":"https:\/\/conectapalancia.es\/en\/wp-json\/wp\/v2\/comments?post=427"}],"version-history":[{"count":2,"href":"https:\/\/conectapalancia.es\/en\/wp-json\/wp\/v2\/pages\/427\/revisions"}],"predecessor-version":[{"id":429,"href":"https:\/\/conectapalancia.es\/en\/wp-json\/wp\/v2\/pages\/427\/revisions\/429"}],"wp:attachment":[{"href":"https:\/\/conectapalancia.es\/en\/wp-json\/wp\/v2\/media?parent=427"}],"curies":[{"name":"wp","href":"https:\/\/api.w.org\/{rel}","templated":true}]}}