{"id":430,"date":"2025-10-29T09:45:13","date_gmt":"2025-10-29T09:45:13","guid":{"rendered":"https:\/\/conectapalancia.es\/about-casa-de-arenes"},"modified":"2025-11-05T16:26:14","modified_gmt":"2025-11-05T16:26:14","slug":"about-casa-de-arenes","status":"publish","type":"page","link":"https:\/\/conectapalancia.es\/en\/about-casa-de-arenes","title":{"rendered":"About CASA DE ARENES"},"content":{"rendered":"<p>[et_pb_section fb_built=&#8221;1&#8243; admin_label=&#8221;section&#8221; _builder_version=&#8221;4.16&#8243; custom_padding=&#8221;80px|||||&#8221; global_colors_info=&#8221;{}&#8221;][et_pb_row _builder_version=&#8221;4.27.4&#8243; _module_preset=&#8221;default&#8221; custom_padding=&#8221;0px||40px|||&#8221; locked=&#8221;off&#8221; global_colors_info=&#8221;{}&#8221;][et_pb_column type=&#8221;4_4&#8243; _builder_version=&#8221;4.27.4&#8243; _module_preset=&#8221;default&#8221; global_colors_info=&#8221;{}&#8221;][et_pb_heading title=&#8221;CASA DE ARENES&#8221; _builder_version=&#8221;4.27.4&#8243; _module_preset=&#8221;default&#8221; title_font=&#8221;|700|||||||&#8221; title_text_align=&#8221;left&#8221; title_font_size=&#8221;52px&#8221; title_line_height=&#8221;48px&#8221; custom_margin=&#8221;||18px|||&#8221; title_font_size_tablet=&#8221;48px&#8221; title_font_size_phone=&#8221;35px&#8221; title_font_size_last_edited=&#8221;on|phone&#8221; title_line_height_tablet=&#8221;48px&#8221; title_line_height_phone=&#8221;36.5px&#8221; title_line_height_last_edited=&#8221;on|phone&#8221; global_colors_info=&#8221;{}&#8221;][\/et_pb_heading][et_pb_text _builder_version=&#8221;4.27.4&#8243; _module_preset=&#8221;default&#8221; global_colors_info=&#8221;{}&#8221;]Casa de Arenes Wineries S.L. is an agrotourism project combining vineyards and rural accommodation, born from the dream of the Arenes-Valera family to restore their ancestral vineyards in the village of El Toro. Today, you can enjoy purchasing the family\u2019s young wines\u2014white (Verdejo) and red (organic Tempranillo)\u2014as well as booking the estate during the week or on weekends for tastings, pairings, and a stay in the rural lodging. The estate is located at 1,080 meters of altitude, in an area declared of community interest, offering a wide range of hiking trails and guided horseback rides organized by the winery itself.[\/et_pb_text][\/et_pb_column][\/et_pb_row][et_pb_row use_custom_gutter=&#8221;on&#8221; gutter_width=&#8221;2&#8243; _builder_version=&#8221;4.27.4&#8243; _module_preset=&#8221;default&#8221; custom_padding=&#8221;0px|||||&#8221; global_colors_info=&#8221;{}&#8221;][et_pb_column type=&#8221;4_4&#8243; _builder_version=&#8221;4.27.4&#8243; _module_preset=&#8221;default&#8221; global_colors_info=&#8221;{}&#8221;][et_pb_image src=&#8221;https:\/\/conectapalancia.es\/\/wp-content\/uploads\/2025\/10\/78b8c147-5b3a-4039-901b-b210cd35ddd2-A0xv1VBPvVuJX71g-1.avif&#8221; title_text=&#8221;78b8c147-5b3a-4039-901b-b210cd35ddd2-A0xv1VBPvVuJX71g&#8221; align=&#8221;center&#8221; force_fullwidth=&#8221;on&#8221; _builder_version=&#8221;4.27.4&#8243; _module_preset=&#8221;default&#8221; global_colors_info=&#8221;{}&#8221;][\/et_pb_image][\/et_pb_column][\/et_pb_row][et_pb_row _builder_version=&#8221;4.27.4&#8243; _module_preset=&#8221;default&#8221; custom_padding=&#8221;0px||22px|||&#8221; locked=&#8221;off&#8221; global_colors_info=&#8221;{}&#8221;][et_pb_column type=&#8221;4_4&#8243; _builder_version=&#8221;4.27.4&#8243; _module_preset=&#8221;default&#8221; global_colors_info=&#8221;{}&#8221;][et_pb_text _builder_version=&#8221;4.27.4&#8243; _module_preset=&#8221;default&#8221; text_font=&#8221;||||||||&#8221; global_colors_info=&#8221;{}&#8221;]<\/p>\n<section id=\"z9GNAi\" class=\"block\" data-v-56bc2a90=\"\" data-qa=\"block\">\n<div class=\"block-layout block-layout--layout\" data-v-56bc2a90=\"\">\n<div class=\"layout-element layout-element--layout layout-element transition transition--slide\" data-v-4edbe80f=\"\" data-qa=\"layout-element-wrapper:zotya6\" data-animation-state=\"active\">\n<div class=\"text-box layout-element__component layout-element__component--GridTextBox\" id=\"zoTYa6\" data-v-4edbe80f=\"\" data-qa=\"gridtextbox:zotya6\">\n<p dir=\"auto\" class=\"body-small\"><strong>Instagram: <a href=\"https:\/\/www.instagram.com\/bodegacasadearenes\/\" target=\"_blank\" rel=\"noopener\">@bodegacasadearenes<\/a><\/strong><\/p>\n<p dir=\"auto\" class=\"body-small\"><strong>Name: <\/strong>CASAS DE ARENES<\/p>\n<p dir=\"auto\" class=\"body-small\"><strong>Speciality: <\/strong>AGROTUR\u00cdSTICO<\/p>\n<p dir=\"auto\" class=\"body-small\"><strong>Location: <\/strong>12419 EL TORO<\/p>\n<p dir=\"auto\" class=\"body-small\"><strong>Phone <\/strong>626302776<\/p>\n<p dir=\"auto\" class=\"body-small\"><strong>E-mail: <\/strong><a href=\"mailto:casadearenes@gmail.com\">casadearenes@gmail.com<\/a><\/p>\n<\/div>\n<\/div>\n<\/div>\n<\/section>\n<section id=\"zlG-Dp\" class=\"block\" data-v-56bc2a90=\"\" data-qa=\"block\"><\/section>\n<p>[\/et_pb_text][\/et_pb_column][\/et_pb_row][et_pb_row column_structure=&#8221;1_2,1_2&#8243; use_custom_gutter=&#8221;on&#8221; gutter_width=&#8221;2&#8243; _builder_version=&#8221;4.27.4&#8243; _module_preset=&#8221;default&#8221; custom_padding=&#8221;0px||0px|||&#8221; locked=&#8221;off&#8221; global_colors_info=&#8221;{}&#8221;][et_pb_column type=&#8221;1_2&#8243; _builder_version=&#8221;4.27.4&#8243; _module_preset=&#8221;default&#8221; global_colors_info=&#8221;{}&#8221;][et_pb_image src=&#8221;https:\/\/conectapalancia.es\/\/wp-content\/uploads\/2025\/10\/83f9e929-54ea-4fc3-aaac-ce2bf7ae124e-m2WqaQL2wlHb5nZq.avif&#8221; title_text=&#8221;83f9e929-54ea-4fc3-aaac-ce2bf7ae124e-m2WqaQL2wlHb5nZq&#8221; align=&#8221;center&#8221; force_fullwidth=&#8221;on&#8221; _builder_version=&#8221;4.27.4&#8243; _module_preset=&#8221;default&#8221; global_colors_info=&#8221;{}&#8221;][\/et_pb_image][\/et_pb_column][et_pb_column type=&#8221;1_2&#8243; _builder_version=&#8221;4.27.4&#8243; _module_preset=&#8221;default&#8221; global_colors_info=&#8221;{}&#8221;][et_pb_image src=&#8221;https:\/\/conectapalancia.es\/\/wp-content\/uploads\/2025\/10\/a29629ef-acad-4b41-bac7-97a07412e6d2-dOqZ84QPg1I8W8qN.avif&#8221; title_text=&#8221;a29629ef-acad-4b41-bac7-97a07412e6d2-dOqZ84QPg1I8W8qN&#8221; align=&#8221;center&#8221; force_fullwidth=&#8221;on&#8221; _builder_version=&#8221;4.27.4&#8243; _module_preset=&#8221;default&#8221; global_colors_info=&#8221;{}&#8221;][\/et_pb_image][\/et_pb_column][\/et_pb_row][\/et_pb_section]<\/p>\n","protected":false},"excerpt":{"rendered":"<p>Casa de Arenes Wineries S.L. is an agrotourism project combining vineyards and rural accommodation, born from the dream of the Arenes-Valera family to restore their ancestral vineyards in the village of El Toro. Today, you can enjoy purchasing the family\u2019s young wines\u2014white (Verdejo) and red (organic Tempranillo)\u2014as well as booking the estate during the week [&hellip;]<\/p>\n","protected":false},"author":1,"featured_media":0,"parent":0,"menu_order":0,"comment_status":"closed","ping_status":"closed","template":"","meta":{"_et_pb_use_builder":"on","_et_pb_old_content":"","_et_gb_content_width":"","footnotes":""},"class_list":["post-430","page","type-page","status-publish","hentry"],"yoast_head":"<!-- This site is optimized with the Yoast SEO plugin v27.4 - https:\/\/yoast.com\/product\/yoast-seo-wordpress\/ -->\n<title>Casa de Arenes | Charming rural accommodation in Almed\u00edjar (Castell\u00f3n)<\/title>\n<meta name=\"description\" content=\"Discover Casa de Arenes, a rural accommodation located in Almed\u00edjar (Castell\u00f3n), ideal for getaways surrounded by nature, tranquility, and authenticity in the Alto Palancia region.\" \/>\n<meta name=\"robots\" content=\"index, follow, max-snippet:-1, max-image-preview:large, max-video-preview:-1\" \/>\n<link rel=\"canonical\" href=\"https:\/\/conectapalancia.es\/en\/about-casa-de-arenes\" \/>\n<meta property=\"og:locale\" content=\"en_US\" \/>\n<meta property=\"og:type\" content=\"article\" \/>\n<meta property=\"og:title\" content=\"Casa de Arenes | Charming rural accommodation in Almed\u00edjar (Castell\u00f3n)\" \/>\n<meta property=\"og:description\" content=\"Discover Casa de Arenes, a rural accommodation located in Almed\u00edjar (Castell\u00f3n), ideal for getaways surrounded by nature, tranquility, and authenticity in the Alto Palancia region.\" \/>\n<meta property=\"og:url\" content=\"https:\/\/conectapalancia.es\/en\/about-casa-de-arenes\" \/>\n<meta property=\"og:site_name\" content=\"Conecta Palancia\" \/>\n<meta property=\"article:modified_time\" content=\"2025-11-05T16:26:14+00:00\" \/>\n<meta name=\"twitter:card\" content=\"summary_large_image\" \/>\n<meta name=\"twitter:label1\" content=\"Est. reading time\" \/>\n\t<meta name=\"twitter:data1\" content=\"3 minutes\" \/>\n<script type=\"application\/ld+json\" class=\"yoast-schema-graph\">{\"@context\":\"https:\\\/\\\/schema.org\",\"@graph\":[{\"@type\":\"WebPage\",\"@id\":\"https:\\\/\\\/conectapalancia.es\\\/en\\\/about-casa-de-arenes\",\"url\":\"https:\\\/\\\/conectapalancia.es\\\/en\\\/about-casa-de-arenes\",\"name\":\"Casa de Arenes | Charming rural accommodation in Almed\u00edjar (Castell\u00f3n)\",\"isPartOf\":{\"@id\":\"https:\\\/\\\/conectapalancia.es\\\/en#website\"},\"datePublished\":\"2025-10-29T09:45:13+00:00\",\"dateModified\":\"2025-11-05T16:26:14+00:00\",\"description\":\"Discover Casa de Arenes, a rural accommodation located in Almed\u00edjar (Castell\u00f3n), ideal for getaways surrounded by nature, tranquility, and authenticity in the Alto Palancia region.\",\"breadcrumb\":{\"@id\":\"https:\\\/\\\/conectapalancia.es\\\/en\\\/about-casa-de-arenes#breadcrumb\"},\"inLanguage\":\"en-US\",\"potentialAction\":[{\"@type\":\"ReadAction\",\"target\":[\"https:\\\/\\\/conectapalancia.es\\\/en\\\/about-casa-de-arenes\"]}]},{\"@type\":\"BreadcrumbList\",\"@id\":\"https:\\\/\\\/conectapalancia.es\\\/en\\\/about-casa-de-arenes#breadcrumb\",\"itemListElement\":[{\"@type\":\"ListItem\",\"position\":1,\"name\":\"Portada\",\"item\":\"https:\\\/\\\/conectapalancia.es\\\/en\"},{\"@type\":\"ListItem\",\"position\":2,\"name\":\"About CASA DE ARENES\"}]},{\"@type\":\"WebSite\",\"@id\":\"https:\\\/\\\/conectapalancia.es\\\/en#website\",\"url\":\"https:\\\/\\\/conectapalancia.es\\\/en\",\"name\":\"Conecta Palancia\",\"description\":\"\",\"publisher\":{\"@id\":\"https:\\\/\\\/conectapalancia.es\\\/en#organization\"},\"potentialAction\":[{\"@type\":\"SearchAction\",\"target\":{\"@type\":\"EntryPoint\",\"urlTemplate\":\"https:\\\/\\\/conectapalancia.es\\\/en?s={search_term_string}\"},\"query-input\":{\"@type\":\"PropertyValueSpecification\",\"valueRequired\":true,\"valueName\":\"search_term_string\"}}],\"inLanguage\":\"en-US\"},{\"@type\":\"Organization\",\"@id\":\"https:\\\/\\\/conectapalancia.es\\\/en#organization\",\"name\":\"Conecta Palancia\",\"url\":\"https:\\\/\\\/conectapalancia.es\\\/en\",\"logo\":{\"@type\":\"ImageObject\",\"inLanguage\":\"en-US\",\"@id\":\"https:\\\/\\\/conectapalancia.es\\\/en#\\\/schema\\\/logo\\\/image\\\/\",\"url\":\"https:\\\/\\\/conectapalancia.es\\\/wp-content\\\/uploads\\\/2025\\\/10\\\/logo-dOqDOn5LnMTxqkDK.avif\",\"contentUrl\":\"https:\\\/\\\/conectapalancia.es\\\/wp-content\\\/uploads\\\/2025\\\/10\\\/logo-dOqDOn5LnMTxqkDK.avif\",\"width\":768,\"height\":125,\"caption\":\"Conecta Palancia\"},\"image\":{\"@id\":\"https:\\\/\\\/conectapalancia.es\\\/en#\\\/schema\\\/logo\\\/image\\\/\"}}]}<\/script>\n<!-- \/ Yoast SEO plugin. -->","yoast_head_json":{"title":"Casa de Arenes | Charming rural accommodation in Almed\u00edjar (Castell\u00f3n)","description":"Discover Casa de Arenes, a rural accommodation located in Almed\u00edjar (Castell\u00f3n), ideal for getaways surrounded by nature, tranquility, and authenticity in the Alto Palancia region.","robots":{"index":"index","follow":"follow","max-snippet":"max-snippet:-1","max-image-preview":"max-image-preview:large","max-video-preview":"max-video-preview:-1"},"canonical":"https:\/\/conectapalancia.es\/en\/about-casa-de-arenes","og_locale":"en_US","og_type":"article","og_title":"Casa de Arenes | Charming rural accommodation in Almed\u00edjar (Castell\u00f3n)","og_description":"Discover Casa de Arenes, a rural accommodation located in Almed\u00edjar (Castell\u00f3n), ideal for getaways surrounded by nature, tranquility, and authenticity in the Alto Palancia region.","og_url":"https:\/\/conectapalancia.es\/en\/about-casa-de-arenes","og_site_name":"Conecta Palancia","article_modified_time":"2025-11-05T16:26:14+00:00","twitter_card":"summary_large_image","twitter_misc":{"Est. reading time":"3 minutes"},"schema":{"@context":"https:\/\/schema.org","@graph":[{"@type":"WebPage","@id":"https:\/\/conectapalancia.es\/en\/about-casa-de-arenes","url":"https:\/\/conectapalancia.es\/en\/about-casa-de-arenes","name":"Casa de Arenes | Charming rural accommodation in Almed\u00edjar (Castell\u00f3n)","isPartOf":{"@id":"https:\/\/conectapalancia.es\/en#website"},"datePublished":"2025-10-29T09:45:13+00:00","dateModified":"2025-11-05T16:26:14+00:00","description":"Discover Casa de Arenes, a rural accommodation located in Almed\u00edjar (Castell\u00f3n), ideal for getaways surrounded by nature, tranquility, and authenticity in the Alto Palancia region.","breadcrumb":{"@id":"https:\/\/conectapalancia.es\/en\/about-casa-de-arenes#breadcrumb"},"inLanguage":"en-US","potentialAction":[{"@type":"ReadAction","target":["https:\/\/conectapalancia.es\/en\/about-casa-de-arenes"]}]},{"@type":"BreadcrumbList","@id":"https:\/\/conectapalancia.es\/en\/about-casa-de-arenes#breadcrumb","itemListElement":[{"@type":"ListItem","position":1,"name":"Portada","item":"https:\/\/conectapalancia.es\/en"},{"@type":"ListItem","position":2,"name":"About CASA DE ARENES"}]},{"@type":"WebSite","@id":"https:\/\/conectapalancia.es\/en#website","url":"https:\/\/conectapalancia.es\/en","name":"Conecta Palancia","description":"","publisher":{"@id":"https:\/\/conectapalancia.es\/en#organization"},"potentialAction":[{"@type":"SearchAction","target":{"@type":"EntryPoint","urlTemplate":"https:\/\/conectapalancia.es\/en?s={search_term_string}"},"query-input":{"@type":"PropertyValueSpecification","valueRequired":true,"valueName":"search_term_string"}}],"inLanguage":"en-US"},{"@type":"Organization","@id":"https:\/\/conectapalancia.es\/en#organization","name":"Conecta Palancia","url":"https:\/\/conectapalancia.es\/en","logo":{"@type":"ImageObject","inLanguage":"en-US","@id":"https:\/\/conectapalancia.es\/en#\/schema\/logo\/image\/","url":"https:\/\/conectapalancia.es\/wp-content\/uploads\/2025\/10\/logo-dOqDOn5LnMTxqkDK.avif","contentUrl":"https:\/\/conectapalancia.es\/wp-content\/uploads\/2025\/10\/logo-dOqDOn5LnMTxqkDK.avif","width":768,"height":125,"caption":"Conecta Palancia"},"image":{"@id":"https:\/\/conectapalancia.es\/en#\/schema\/logo\/image\/"}}]}},"_hostinger_reach_plugin_has_subscription_block":false,"_hostinger_reach_plugin_is_elementor":false,"_links":{"self":[{"href":"https:\/\/conectapalancia.es\/en\/wp-json\/wp\/v2\/pages\/430","targetHints":{"allow":["GET"]}}],"collection":[{"href":"https:\/\/conectapalancia.es\/en\/wp-json\/wp\/v2\/pages"}],"about":[{"href":"https:\/\/conectapalancia.es\/en\/wp-json\/wp\/v2\/types\/page"}],"author":[{"embeddable":true,"href":"https:\/\/conectapalancia.es\/en\/wp-json\/wp\/v2\/users\/1"}],"replies":[{"embeddable":true,"href":"https:\/\/conectapalancia.es\/en\/wp-json\/wp\/v2\/comments?post=430"}],"version-history":[{"count":2,"href":"https:\/\/conectapalancia.es\/en\/wp-json\/wp\/v2\/pages\/430\/revisions"}],"predecessor-version":[{"id":432,"href":"https:\/\/conectapalancia.es\/en\/wp-json\/wp\/v2\/pages\/430\/revisions\/432"}],"wp:attachment":[{"href":"https:\/\/conectapalancia.es\/en\/wp-json\/wp\/v2\/media?parent=430"}],"curies":[{"name":"wp","href":"https:\/\/api.w.org\/{rel}","templated":true}]}}