{"id":457,"date":"2025-10-29T09:46:42","date_gmt":"2025-10-29T09:46:42","guid":{"rendered":"https:\/\/conectapalancia.es\/about-dominio-de-rodeno"},"modified":"2025-11-05T16:50:16","modified_gmt":"2025-11-05T16:50:16","slug":"about-dominio-de-rodeno","status":"publish","type":"page","link":"https:\/\/conectapalancia.es\/en\/about-dominio-de-rodeno","title":{"rendered":"About DOMINIO DE RODENO"},"content":{"rendered":"<p>[et_pb_section fb_built=&#8221;1&#8243; admin_label=&#8221;section&#8221; _builder_version=&#8221;4.16&#8243; custom_padding=&#8221;80px|||||&#8221; global_colors_info=&#8221;{}&#8221;][et_pb_row _builder_version=&#8221;4.27.4&#8243; _module_preset=&#8221;default&#8221; custom_padding=&#8221;0px||40px|||&#8221; locked=&#8221;off&#8221; global_colors_info=&#8221;{}&#8221;][et_pb_column type=&#8221;4_4&#8243; _builder_version=&#8221;4.27.4&#8243; _module_preset=&#8221;default&#8221; global_colors_info=&#8221;{}&#8221;][et_pb_heading title=&#8221;DOMINIO DE RODENO&#8221; _builder_version=&#8221;4.27.4&#8243; _module_preset=&#8221;default&#8221; title_font=&#8221;|700|||||||&#8221; title_text_align=&#8221;left&#8221; title_font_size=&#8221;52px&#8221; title_line_height=&#8221;48px&#8221; custom_margin=&#8221;||18px|||&#8221; title_font_size_tablet=&#8221;48px&#8221; title_font_size_phone=&#8221;35px&#8221; title_font_size_last_edited=&#8221;on|phone&#8221; title_line_height_tablet=&#8221;48px&#8221; title_line_height_phone=&#8221;36.5px&#8221; title_line_height_last_edited=&#8221;on|phone&#8221; global_colors_info=&#8221;{}&#8221;][\/et_pb_heading][et_pb_text _builder_version=&#8221;4.27.4&#8243; _module_preset=&#8221;default&#8221; global_colors_info=&#8221;{}&#8221;]Small family winery in the Sierra de Espad\u00e1n. We make unadorned wines in the depths of a garage. Grapes grown under a biodynamic philosophy to create site-specific, single-parcel, and garage wines. Dominio de Rodeno was born in 2021, founded by Victoria and Francis. Young parents who one day decided to bring this beautiful madness to life in the form of a wine-making garage.<br \/>\nBoth trained in their respective fields: business and oenology.<br \/>\nWe look forward to seeing you in Azu\u00e9bar![\/et_pb_text][\/et_pb_column][\/et_pb_row][et_pb_row column_structure=&#8221;1_2,1_2&#8243; use_custom_gutter=&#8221;on&#8221; gutter_width=&#8221;2&#8243; _builder_version=&#8221;4.27.4&#8243; _module_preset=&#8221;default&#8221; custom_padding=&#8221;0px|||||&#8221; global_colors_info=&#8221;{}&#8221;][et_pb_column type=&#8221;1_2&#8243; _builder_version=&#8221;4.27.4&#8243; _module_preset=&#8221;default&#8221; global_colors_info=&#8221;{}&#8221;][et_pb_image src=&#8221;https:\/\/conectapalancia.es\/\/wp-content\/uploads\/2025\/10\/b2b1b001-543d-420a-8597-143df0d7cdcb-m6L2jwqpWPC1kXQK-1.avif&#8221; title_text=&#8221;b2b1b001-543d-420a-8597-143df0d7cdcb-m6L2jwqpWPC1kXQK&#8221; align=&#8221;center&#8221; force_fullwidth=&#8221;on&#8221; _builder_version=&#8221;4.27.4&#8243; _module_preset=&#8221;default&#8221; global_colors_info=&#8221;{}&#8221;][\/et_pb_image][\/et_pb_column][et_pb_column type=&#8221;1_2&#8243; _builder_version=&#8221;4.27.4&#8243; _module_preset=&#8221;default&#8221; global_colors_info=&#8221;{}&#8221;][et_pb_image src=&#8221;https:\/\/conectapalancia.es\/\/wp-content\/uploads\/2025\/10\/e131bc97-c4b8-4d22-ad6d-411785bf705f-YyvDZ3E8WnsPkeZw.avif&#8221; title_text=&#8221;e131bc97-c4b8-4d22-ad6d-411785bf705f-YyvDZ3E8WnsPkeZw&#8221; align=&#8221;center&#8221; force_fullwidth=&#8221;on&#8221; _builder_version=&#8221;4.27.4&#8243; _module_preset=&#8221;default&#8221; global_colors_info=&#8221;{}&#8221;][\/et_pb_image][\/et_pb_column][\/et_pb_row][et_pb_row _builder_version=&#8221;4.27.4&#8243; _module_preset=&#8221;default&#8221; custom_padding=&#8221;0px||22px|||&#8221; locked=&#8221;off&#8221; global_colors_info=&#8221;{}&#8221;][et_pb_column type=&#8221;4_4&#8243; _builder_version=&#8221;4.27.4&#8243; _module_preset=&#8221;default&#8221; global_colors_info=&#8221;{}&#8221;][et_pb_text _builder_version=&#8221;4.27.4&#8243; _module_preset=&#8221;default&#8221; text_font=&#8221;||||||||&#8221; global_colors_info=&#8221;{}&#8221;]<\/p>\n<section id=\"z9GNAi\" class=\"block\" data-v-56bc2a90=\"\" data-qa=\"block\">\n<div class=\"block-layout block-layout--layout\" data-v-56bc2a90=\"\">\n<div class=\"layout-element layout-element--layout layout-element transition transition--slide\" data-v-4edbe80f=\"\" data-qa=\"layout-element-wrapper:zotya6\" data-animation-state=\"active\">\n<div class=\"text-box layout-element__component layout-element__component--GridTextBox\" id=\"zoTYa6\" data-v-4edbe80f=\"\" data-qa=\"gridtextbox:zotya6\">\n<section id=\"zX-vvd\" class=\"block\" data-v-56bc2a90=\"\" data-qa=\"block\">\n<div class=\"block-layout block-layout--layout\" data-v-56bc2a90=\"\">\n<div class=\"layout-element layout-element--layout layout-element transition transition--slide\" data-v-4edbe80f=\"\" data-qa=\"layout-element-wrapper:znrjxa\" data-animation-state=\"active\">\n<div class=\"text-box layout-element__component layout-element__component--GridTextBox\" id=\"znrJXa\" data-v-4edbe80f=\"\" data-qa=\"gridtextbox:znrjxa\">\n<p class=\"body-small\" dir=\"auto\"><span><strong>Web: <u><a href=\"http:\/\/www.dominioderodeno.com\/\" target=\"\">www.dominioderodeno.com<\/a><\/u><\/strong><\/span><\/p>\n<p class=\"body\" dir=\"auto\"><span><strong>Instagram: <a href=\"https:\/\/www.instagram.com\/dominio_derodeno\/?hl=es\" target=\"_blank\" rel=\"noopener\">dominio_derodeno<\/a><\/strong><\/span><\/p>\n<p class=\"body-small\" dir=\"auto\"><strong>Name: <\/strong>BODEGA DOMINIO DE RODENO<\/p>\n<p class=\"body-small\" dir=\"auto\"><strong>Speciality: <\/strong>WINE PRODUCTION<\/p>\n<p class=\"body-small\" dir=\"auto\"><strong>Location: <\/strong>AZU\u00c9BAR<\/p>\n<p class=\"body-small\" dir=\"auto\"><strong>Phone <\/strong>62202810866<\/p>\n<p class=\"body-small\" dir=\"auto\"><strong>E-mail: <\/strong><a href=\"mailto:INFO@DOMINIODERODENO.COM\">INFO@DOMINIODERODENO.COM<\/a><\/p>\n<\/div>\n<\/div>\n<\/div>\n<\/section>\n<section id=\"zHaHLY\" class=\"block\" data-v-56bc2a90=\"\" data-qa=\"block\"><\/section>\n<\/div>\n<\/div>\n<\/div>\n<\/section>\n<section id=\"zlG-Dp\" class=\"block\" data-v-56bc2a90=\"\" data-qa=\"block\"><\/section>\n<p>[\/et_pb_text][\/et_pb_column][\/et_pb_row][et_pb_row column_structure=&#8221;1_2,1_2&#8243; use_custom_gutter=&#8221;on&#8221; gutter_width=&#8221;2&#8243; _builder_version=&#8221;4.27.4&#8243; _module_preset=&#8221;default&#8221; custom_padding=&#8221;0px||0px|||&#8221; locked=&#8221;off&#8221; global_colors_info=&#8221;{}&#8221;][et_pb_column type=&#8221;1_2&#8243; _builder_version=&#8221;4.27.4&#8243; _module_preset=&#8221;default&#8221; global_colors_info=&#8221;{}&#8221;][et_pb_image src=&#8221;https:\/\/conectapalancia.es\/\/wp-content\/uploads\/2025\/10\/7a7f0dc3-9a5e-466e-b71d-8737aa49e1ef-AoP4qvn99lSrMj28.avif&#8221; title_text=&#8221;7a7f0dc3-9a5e-466e-b71d-8737aa49e1ef-AoP4qvn99lSrMj28&#8243; align=&#8221;center&#8221; force_fullwidth=&#8221;on&#8221; _builder_version=&#8221;4.27.4&#8243; _module_preset=&#8221;default&#8221; global_colors_info=&#8221;{}&#8221;][\/et_pb_image][\/et_pb_column][et_pb_column type=&#8221;1_2&#8243; _builder_version=&#8221;4.27.4&#8243; _module_preset=&#8221;default&#8221; global_colors_info=&#8221;{}&#8221;][et_pb_image src=&#8221;https:\/\/conectapalancia.es\/\/wp-content\/uploads\/2025\/10\/956350a4-86af-4dda-a113-a504db188a44-mePgbvOzwRugqDVv.avif&#8221; title_text=&#8221;956350a4-86af-4dda-a113-a504db188a44-mePgbvOzwRugqDVv&#8221; align=&#8221;center&#8221; force_fullwidth=&#8221;on&#8221; _builder_version=&#8221;4.27.4&#8243; _module_preset=&#8221;default&#8221; global_colors_info=&#8221;{}&#8221;][\/et_pb_image][\/et_pb_column][\/et_pb_row][\/et_pb_section]<\/p>\n","protected":false},"excerpt":{"rendered":"<p>Small family winery in the Sierra de Espad\u00e1n. We make unadorned wines in the depths of a garage. Grapes grown under a biodynamic philosophy to create site-specific, single-parcel, and garage wines. Dominio de Rodeno was born in 2021, founded by Victoria and Francis. Young parents who one day decided to bring this beautiful madness to [&hellip;]<\/p>\n","protected":false},"author":1,"featured_media":0,"parent":0,"menu_order":0,"comment_status":"closed","ping_status":"closed","template":"","meta":{"_et_pb_use_builder":"on","_et_pb_old_content":"","_et_gb_content_width":"","footnotes":""},"class_list":["post-457","page","type-page","status-publish","hentry"],"yoast_head":"<!-- This site is optimized with the Yoast SEO plugin v27.4 - https:\/\/yoast.com\/product\/yoast-seo-wordpress\/ -->\n<title>Dominio de Rodeno | Biodynamic micro-winery in the Sierra de Espad\u00e1n<\/title>\n<meta name=\"description\" content=\"Dominio de Rodeno produces single-plot, unadulterated wines in Azu\u00e9bar (Castell\u00f3n), following a biodynamic philosophy and showing deep respect for the land and its microclimates.\" \/>\n<meta name=\"robots\" content=\"index, follow, max-snippet:-1, max-image-preview:large, max-video-preview:-1\" \/>\n<link rel=\"canonical\" href=\"https:\/\/conectapalancia.es\/en\/about-dominio-de-rodeno\" \/>\n<meta property=\"og:locale\" content=\"en_US\" \/>\n<meta property=\"og:type\" content=\"article\" \/>\n<meta property=\"og:title\" content=\"Dominio de Rodeno | Biodynamic micro-winery in the Sierra de Espad\u00e1n\" \/>\n<meta property=\"og:description\" content=\"Dominio de Rodeno produces single-plot, unadulterated wines in Azu\u00e9bar (Castell\u00f3n), following a biodynamic philosophy and showing deep respect for the land and its microclimates.\" \/>\n<meta property=\"og:url\" content=\"https:\/\/conectapalancia.es\/en\/about-dominio-de-rodeno\" \/>\n<meta property=\"og:site_name\" content=\"Conecta Palancia\" \/>\n<meta property=\"article:modified_time\" content=\"2025-11-05T16:50:16+00:00\" \/>\n<meta name=\"twitter:card\" content=\"summary_large_image\" \/>\n<meta name=\"twitter:label1\" content=\"Est. reading time\" \/>\n\t<meta name=\"twitter:data1\" content=\"3 minutes\" \/>\n<script type=\"application\/ld+json\" class=\"yoast-schema-graph\">{\"@context\":\"https:\\\/\\\/schema.org\",\"@graph\":[{\"@type\":\"WebPage\",\"@id\":\"https:\\\/\\\/conectapalancia.es\\\/en\\\/about-dominio-de-rodeno\",\"url\":\"https:\\\/\\\/conectapalancia.es\\\/en\\\/about-dominio-de-rodeno\",\"name\":\"Dominio de Rodeno | Biodynamic micro-winery in the Sierra de Espad\u00e1n\",\"isPartOf\":{\"@id\":\"https:\\\/\\\/conectapalancia.es\\\/en#website\"},\"datePublished\":\"2025-10-29T09:46:42+00:00\",\"dateModified\":\"2025-11-05T16:50:16+00:00\",\"description\":\"Dominio de Rodeno produces single-plot, unadulterated wines in Azu\u00e9bar (Castell\u00f3n), following a biodynamic philosophy and showing deep respect for the land and its microclimates.\",\"breadcrumb\":{\"@id\":\"https:\\\/\\\/conectapalancia.es\\\/en\\\/about-dominio-de-rodeno#breadcrumb\"},\"inLanguage\":\"en-US\",\"potentialAction\":[{\"@type\":\"ReadAction\",\"target\":[\"https:\\\/\\\/conectapalancia.es\\\/en\\\/about-dominio-de-rodeno\"]}]},{\"@type\":\"BreadcrumbList\",\"@id\":\"https:\\\/\\\/conectapalancia.es\\\/en\\\/about-dominio-de-rodeno#breadcrumb\",\"itemListElement\":[{\"@type\":\"ListItem\",\"position\":1,\"name\":\"Portada\",\"item\":\"https:\\\/\\\/conectapalancia.es\\\/en\"},{\"@type\":\"ListItem\",\"position\":2,\"name\":\"About DOMINIO DE RODENO\"}]},{\"@type\":\"WebSite\",\"@id\":\"https:\\\/\\\/conectapalancia.es\\\/en#website\",\"url\":\"https:\\\/\\\/conectapalancia.es\\\/en\",\"name\":\"Conecta Palancia\",\"description\":\"\",\"publisher\":{\"@id\":\"https:\\\/\\\/conectapalancia.es\\\/en#organization\"},\"potentialAction\":[{\"@type\":\"SearchAction\",\"target\":{\"@type\":\"EntryPoint\",\"urlTemplate\":\"https:\\\/\\\/conectapalancia.es\\\/en?s={search_term_string}\"},\"query-input\":{\"@type\":\"PropertyValueSpecification\",\"valueRequired\":true,\"valueName\":\"search_term_string\"}}],\"inLanguage\":\"en-US\"},{\"@type\":\"Organization\",\"@id\":\"https:\\\/\\\/conectapalancia.es\\\/en#organization\",\"name\":\"Conecta Palancia\",\"url\":\"https:\\\/\\\/conectapalancia.es\\\/en\",\"logo\":{\"@type\":\"ImageObject\",\"inLanguage\":\"en-US\",\"@id\":\"https:\\\/\\\/conectapalancia.es\\\/en#\\\/schema\\\/logo\\\/image\\\/\",\"url\":\"https:\\\/\\\/conectapalancia.es\\\/wp-content\\\/uploads\\\/2025\\\/10\\\/logo-dOqDOn5LnMTxqkDK.avif\",\"contentUrl\":\"https:\\\/\\\/conectapalancia.es\\\/wp-content\\\/uploads\\\/2025\\\/10\\\/logo-dOqDOn5LnMTxqkDK.avif\",\"width\":768,\"height\":125,\"caption\":\"Conecta Palancia\"},\"image\":{\"@id\":\"https:\\\/\\\/conectapalancia.es\\\/en#\\\/schema\\\/logo\\\/image\\\/\"}}]}<\/script>\n<!-- \/ Yoast SEO plugin. -->","yoast_head_json":{"title":"Dominio de Rodeno | Biodynamic micro-winery in the Sierra de Espad\u00e1n","description":"Dominio de Rodeno produces single-plot, unadulterated wines in Azu\u00e9bar (Castell\u00f3n), following a biodynamic philosophy and showing deep respect for the land and its microclimates.","robots":{"index":"index","follow":"follow","max-snippet":"max-snippet:-1","max-image-preview":"max-image-preview:large","max-video-preview":"max-video-preview:-1"},"canonical":"https:\/\/conectapalancia.es\/en\/about-dominio-de-rodeno","og_locale":"en_US","og_type":"article","og_title":"Dominio de Rodeno | Biodynamic micro-winery in the Sierra de Espad\u00e1n","og_description":"Dominio de Rodeno produces single-plot, unadulterated wines in Azu\u00e9bar (Castell\u00f3n), following a biodynamic philosophy and showing deep respect for the land and its microclimates.","og_url":"https:\/\/conectapalancia.es\/en\/about-dominio-de-rodeno","og_site_name":"Conecta Palancia","article_modified_time":"2025-11-05T16:50:16+00:00","twitter_card":"summary_large_image","twitter_misc":{"Est. reading time":"3 minutes"},"schema":{"@context":"https:\/\/schema.org","@graph":[{"@type":"WebPage","@id":"https:\/\/conectapalancia.es\/en\/about-dominio-de-rodeno","url":"https:\/\/conectapalancia.es\/en\/about-dominio-de-rodeno","name":"Dominio de Rodeno | Biodynamic micro-winery in the Sierra de Espad\u00e1n","isPartOf":{"@id":"https:\/\/conectapalancia.es\/en#website"},"datePublished":"2025-10-29T09:46:42+00:00","dateModified":"2025-11-05T16:50:16+00:00","description":"Dominio de Rodeno produces single-plot, unadulterated wines in Azu\u00e9bar (Castell\u00f3n), following a biodynamic philosophy and showing deep respect for the land and its microclimates.","breadcrumb":{"@id":"https:\/\/conectapalancia.es\/en\/about-dominio-de-rodeno#breadcrumb"},"inLanguage":"en-US","potentialAction":[{"@type":"ReadAction","target":["https:\/\/conectapalancia.es\/en\/about-dominio-de-rodeno"]}]},{"@type":"BreadcrumbList","@id":"https:\/\/conectapalancia.es\/en\/about-dominio-de-rodeno#breadcrumb","itemListElement":[{"@type":"ListItem","position":1,"name":"Portada","item":"https:\/\/conectapalancia.es\/en"},{"@type":"ListItem","position":2,"name":"About DOMINIO DE RODENO"}]},{"@type":"WebSite","@id":"https:\/\/conectapalancia.es\/en#website","url":"https:\/\/conectapalancia.es\/en","name":"Conecta Palancia","description":"","publisher":{"@id":"https:\/\/conectapalancia.es\/en#organization"},"potentialAction":[{"@type":"SearchAction","target":{"@type":"EntryPoint","urlTemplate":"https:\/\/conectapalancia.es\/en?s={search_term_string}"},"query-input":{"@type":"PropertyValueSpecification","valueRequired":true,"valueName":"search_term_string"}}],"inLanguage":"en-US"},{"@type":"Organization","@id":"https:\/\/conectapalancia.es\/en#organization","name":"Conecta Palancia","url":"https:\/\/conectapalancia.es\/en","logo":{"@type":"ImageObject","inLanguage":"en-US","@id":"https:\/\/conectapalancia.es\/en#\/schema\/logo\/image\/","url":"https:\/\/conectapalancia.es\/wp-content\/uploads\/2025\/10\/logo-dOqDOn5LnMTxqkDK.avif","contentUrl":"https:\/\/conectapalancia.es\/wp-content\/uploads\/2025\/10\/logo-dOqDOn5LnMTxqkDK.avif","width":768,"height":125,"caption":"Conecta Palancia"},"image":{"@id":"https:\/\/conectapalancia.es\/en#\/schema\/logo\/image\/"}}]}},"_hostinger_reach_plugin_has_subscription_block":false,"_hostinger_reach_plugin_is_elementor":false,"_links":{"self":[{"href":"https:\/\/conectapalancia.es\/en\/wp-json\/wp\/v2\/pages\/457","targetHints":{"allow":["GET"]}}],"collection":[{"href":"https:\/\/conectapalancia.es\/en\/wp-json\/wp\/v2\/pages"}],"about":[{"href":"https:\/\/conectapalancia.es\/en\/wp-json\/wp\/v2\/types\/page"}],"author":[{"embeddable":true,"href":"https:\/\/conectapalancia.es\/en\/wp-json\/wp\/v2\/users\/1"}],"replies":[{"embeddable":true,"href":"https:\/\/conectapalancia.es\/en\/wp-json\/wp\/v2\/comments?post=457"}],"version-history":[{"count":5,"href":"https:\/\/conectapalancia.es\/en\/wp-json\/wp\/v2\/pages\/457\/revisions"}],"predecessor-version":[{"id":473,"href":"https:\/\/conectapalancia.es\/en\/wp-json\/wp\/v2\/pages\/457\/revisions\/473"}],"wp:attachment":[{"href":"https:\/\/conectapalancia.es\/en\/wp-json\/wp\/v2\/media?parent=457"}],"curies":[{"name":"wp","href":"https:\/\/api.w.org\/{rel}","templated":true}]}}