{"id":465,"date":"2025-10-28T17:54:47","date_gmt":"2025-10-28T17:54:47","guid":{"rendered":"https:\/\/conectapalancia.es\/about-el-celler-de-ibola"},"modified":"2025-11-05T16:48:54","modified_gmt":"2025-11-05T16:48:54","slug":"about-el-celler-de-ibola","status":"publish","type":"page","link":"https:\/\/conectapalancia.es\/en\/about-el-celler-de-ibola","title":{"rendered":"About EL CELLER DE IBOLA"},"content":{"rendered":"<p>[et_pb_section fb_built=&#8221;1&#8243; admin_label=&#8221;section&#8221; _builder_version=&#8221;4.16&#8243; custom_padding=&#8221;80px|||||&#8221; global_colors_info=&#8221;{}&#8221;][et_pb_row _builder_version=&#8221;4.27.4&#8243; _module_preset=&#8221;default&#8221; custom_padding=&#8221;0px||40px|||&#8221; locked=&#8221;off&#8221; global_colors_info=&#8221;{}&#8221;][et_pb_column type=&#8221;4_4&#8243; _builder_version=&#8221;4.27.4&#8243; _module_preset=&#8221;default&#8221; global_colors_info=&#8221;{}&#8221;][et_pb_heading title=&#8221;EL CELLER DE IBOLA&#8221; _builder_version=&#8221;4.27.4&#8243; _module_preset=&#8221;default&#8221; title_font=&#8221;|700|||||||&#8221; title_text_align=&#8221;left&#8221; title_font_size=&#8221;52px&#8221; title_line_height=&#8221;48px&#8221; custom_margin=&#8221;||18px|||&#8221; title_font_size_tablet=&#8221;48px&#8221; title_font_size_phone=&#8221;35px&#8221; title_font_size_last_edited=&#8221;on|phone&#8221; title_line_height_tablet=&#8221;48px&#8221; title_line_height_phone=&#8221;36.5px&#8221; title_line_height_last_edited=&#8221;on|phone&#8221; global_colors_info=&#8221;{}&#8221;][\/et_pb_heading][et_pb_text _builder_version=&#8221;4.27.4&#8243; _module_preset=&#8221;default&#8221; global_colors_info=&#8221;{}&#8221;]<\/p>\n<p class=\"body-large\" dir=\"auto\">This project was born out of love for A\u00edn and its surroundings, from the growing need to return to our roots and highlight the value of the natural environment. The creation of a family winery in the heart of the Sierra Espad\u00e1n is a dream come true, allowing us to revive the fieldwork of our ancestors and bring back into production lands that had been abandoned for decades.<\/p>\n<p class=\"body\" dir=\"auto\"><span>Rural exodus has led to the gradual loss of the younger population in the villages of the Valencian Community, as well as the abandonment of farmlands and means of sustainability, leaving territories rich in natural resources underutilized. The \u201cEl Celler de la Ibola\u201d project aims to promote the sustainable development of the economy of A\u00edn and the surrounding municipalities.<\/span><\/p>\n<p>[\/et_pb_text][\/et_pb_column][\/et_pb_row][et_pb_row column_structure=&#8221;1_2,1_2&#8243; use_custom_gutter=&#8221;on&#8221; gutter_width=&#8221;2&#8243; _builder_version=&#8221;4.27.4&#8243; _module_preset=&#8221;default&#8221; custom_padding=&#8221;0px|||||&#8221; global_colors_info=&#8221;{}&#8221;][et_pb_column type=&#8221;1_2&#8243; _builder_version=&#8221;4.27.4&#8243; _module_preset=&#8221;default&#8221; global_colors_info=&#8221;{}&#8221;][et_pb_image src=&#8221;https:\/\/conectapalancia.es\/wp-content\/uploads\/2025\/10\/celler1.png&#8221; title_text=&#8221;celler1&#8243; align=&#8221;center&#8221; force_fullwidth=&#8221;on&#8221; _builder_version=&#8221;4.27.4&#8243; _module_preset=&#8221;default&#8221; global_colors_info=&#8221;{}&#8221;][\/et_pb_image][\/et_pb_column][et_pb_column type=&#8221;1_2&#8243; _builder_version=&#8221;4.27.4&#8243; _module_preset=&#8221;default&#8221; global_colors_info=&#8221;{}&#8221;][et_pb_image src=&#8221;https:\/\/conectapalancia.es\/\/wp-content\/uploads\/2025\/10\/513457ef-cdb9-4009-8e8e-ff689029e9b8_1_201_a-A3QlOw7vGqCL1ay6.avif&#8221; title_text=&#8221;513457ef-cdb9-4009-8e8e-ff689029e9b8_1_201_a-A3QlOw7vGqCL1ay6&#8243; align=&#8221;center&#8221; force_fullwidth=&#8221;on&#8221; _builder_version=&#8221;4.27.4&#8243; _module_preset=&#8221;default&#8221; global_colors_info=&#8221;{}&#8221;][\/et_pb_image][\/et_pb_column][\/et_pb_row][et_pb_row _builder_version=&#8221;4.27.4&#8243; _module_preset=&#8221;default&#8221; custom_padding=&#8221;0px||22px|||&#8221; locked=&#8221;off&#8221; global_colors_info=&#8221;{}&#8221;][et_pb_column type=&#8221;4_4&#8243; _builder_version=&#8221;4.27.4&#8243; _module_preset=&#8221;default&#8221; global_colors_info=&#8221;{}&#8221;][et_pb_text _builder_version=&#8221;4.27.4&#8243; _module_preset=&#8221;default&#8221; text_font=&#8221;||||||||&#8221; global_colors_info=&#8221;{}&#8221;]<\/p>\n<p dir=\"auto\" class=\"body-small\"><strong>Web: <a href=\"http:\/\/www.elcellerdelaibola.com\/\">www.elcellerdelaibola.com<\/a><\/strong><\/p>\n<p dir=\"auto\" class=\"body-small\"><strong>Instagram: @elcellerdelaibola<\/strong><\/p>\n<p dir=\"auto\" class=\"body-small\"><strong>Facebook: @elcellerdelaibola<\/strong><\/p>\n<p dir=\"auto\" class=\"body-small\"><span><strong>Name: <\/strong><\/span>EL CELLER DE LA IBOLA<\/p>\n<p dir=\"auto\" class=\"body-small\"><strong>Specialty: <\/strong>Wines<\/p>\n<p dir=\"auto\" class=\"body-small\"><strong>Location: <\/strong>AIN<\/p>\n<p dir=\"auto\" class=\"body-small\"><strong>Phone <\/strong>674503087<\/p>\n<p dir=\"auto\" class=\"body-small\"><strong>E-mail: <\/strong><a href=\"mailto:rrivasnavarro@gmail.com\">rrivasnavarro@gmail.com<\/a><\/p>\n<p>[\/et_pb_text][\/et_pb_column][\/et_pb_row][et_pb_row use_custom_gutter=&#8221;on&#8221; gutter_width=&#8221;2&#8243; _builder_version=&#8221;4.27.4&#8243; _module_preset=&#8221;default&#8221; custom_padding=&#8221;0px||0px|||&#8221; locked=&#8221;off&#8221; global_colors_info=&#8221;{}&#8221;][et_pb_column type=&#8221;4_4&#8243; _builder_version=&#8221;4.27.4&#8243; _module_preset=&#8221;default&#8221; global_colors_info=&#8221;{}&#8221;][et_pb_image src=&#8221;https:\/\/conectapalancia.es\/wp-content\/uploads\/2025\/10\/50fa976b-eda6-431a-a4bb-0d0dab786cff-AGBzn6bkxwt3kP1q-scaled-1.webp&#8221; title_text=&#8221;50fa976b-eda6-431a-a4bb-0d0dab786cff-AGBzn6bkxwt3kP1q&#8221; align=&#8221;center&#8221; force_fullwidth=&#8221;on&#8221; _builder_version=&#8221;4.27.4&#8243; _module_preset=&#8221;default&#8221; global_colors_info=&#8221;{}&#8221;][\/et_pb_image][\/et_pb_column][\/et_pb_row][\/et_pb_section]<\/p>\n","protected":false},"excerpt":{"rendered":"<p>This project was born out of love for A\u00edn and its surroundings, from the growing need to return to our roots and highlight the value of the natural environment. The creation of a family winery in the heart of the Sierra Espad\u00e1n is a dream come true, allowing us to revive the fieldwork of our [&hellip;]<\/p>\n","protected":false},"author":1,"featured_media":0,"parent":0,"menu_order":0,"comment_status":"closed","ping_status":"closed","template":"","meta":{"_et_pb_use_builder":"on","_et_pb_old_content":"","_et_gb_content_width":"","footnotes":""},"class_list":["post-465","page","type-page","status-publish","hentry"],"yoast_head":"<!-- This site is optimized with the Yoast SEO plugin v27.4 - https:\/\/yoast.com\/product\/yoast-seo-wordpress\/ -->\n<title>El Celler de la Ibola | Artisan winery in A\u00edn (Sierra de Espad\u00e1n)<\/title>\n<meta name=\"description\" content=\"El Celler de la Ibola, located in A\u00edn (Castell\u00f3n), produces handcrafted wines using native grape varieties and promotes sustainable wine tourism in the Sierra de Espad\u00e1n.\" \/>\n<meta name=\"robots\" content=\"index, follow, max-snippet:-1, max-image-preview:large, max-video-preview:-1\" \/>\n<link rel=\"canonical\" href=\"https:\/\/conectapalancia.es\/en\/about-el-celler-de-ibola\" \/>\n<meta property=\"og:locale\" content=\"en_US\" \/>\n<meta property=\"og:type\" content=\"article\" \/>\n<meta property=\"og:title\" content=\"El Celler de la Ibola | Artisan winery in A\u00edn (Sierra de Espad\u00e1n)\" \/>\n<meta property=\"og:description\" content=\"El Celler de la Ibola, located in A\u00edn (Castell\u00f3n), produces handcrafted wines using native grape varieties and promotes sustainable wine tourism in the Sierra de Espad\u00e1n.\" \/>\n<meta property=\"og:url\" content=\"https:\/\/conectapalancia.es\/en\/about-el-celler-de-ibola\" \/>\n<meta property=\"og:site_name\" content=\"Conecta Palancia\" \/>\n<meta property=\"article:modified_time\" content=\"2025-11-05T16:48:54+00:00\" \/>\n<meta name=\"twitter:card\" content=\"summary_large_image\" \/>\n<meta name=\"twitter:label1\" content=\"Est. reading time\" \/>\n\t<meta name=\"twitter:data1\" content=\"3 minutes\" \/>\n<script type=\"application\/ld+json\" class=\"yoast-schema-graph\">{\"@context\":\"https:\\\/\\\/schema.org\",\"@graph\":[{\"@type\":\"WebPage\",\"@id\":\"https:\\\/\\\/conectapalancia.es\\\/en\\\/about-el-celler-de-ibola\",\"url\":\"https:\\\/\\\/conectapalancia.es\\\/en\\\/about-el-celler-de-ibola\",\"name\":\"El Celler de la Ibola | Artisan winery in A\u00edn (Sierra de Espad\u00e1n)\",\"isPartOf\":{\"@id\":\"https:\\\/\\\/conectapalancia.es\\\/en#website\"},\"datePublished\":\"2025-10-28T17:54:47+00:00\",\"dateModified\":\"2025-11-05T16:48:54+00:00\",\"description\":\"El Celler de la Ibola, located in A\u00edn (Castell\u00f3n), produces handcrafted wines using native grape varieties and promotes sustainable wine tourism in the Sierra de Espad\u00e1n.\",\"breadcrumb\":{\"@id\":\"https:\\\/\\\/conectapalancia.es\\\/en\\\/about-el-celler-de-ibola#breadcrumb\"},\"inLanguage\":\"en-US\",\"potentialAction\":[{\"@type\":\"ReadAction\",\"target\":[\"https:\\\/\\\/conectapalancia.es\\\/en\\\/about-el-celler-de-ibola\"]}]},{\"@type\":\"BreadcrumbList\",\"@id\":\"https:\\\/\\\/conectapalancia.es\\\/en\\\/about-el-celler-de-ibola#breadcrumb\",\"itemListElement\":[{\"@type\":\"ListItem\",\"position\":1,\"name\":\"Portada\",\"item\":\"https:\\\/\\\/conectapalancia.es\\\/en\"},{\"@type\":\"ListItem\",\"position\":2,\"name\":\"About EL CELLER DE IBOLA\"}]},{\"@type\":\"WebSite\",\"@id\":\"https:\\\/\\\/conectapalancia.es\\\/en#website\",\"url\":\"https:\\\/\\\/conectapalancia.es\\\/en\",\"name\":\"Conecta Palancia\",\"description\":\"\",\"publisher\":{\"@id\":\"https:\\\/\\\/conectapalancia.es\\\/en#organization\"},\"potentialAction\":[{\"@type\":\"SearchAction\",\"target\":{\"@type\":\"EntryPoint\",\"urlTemplate\":\"https:\\\/\\\/conectapalancia.es\\\/en?s={search_term_string}\"},\"query-input\":{\"@type\":\"PropertyValueSpecification\",\"valueRequired\":true,\"valueName\":\"search_term_string\"}}],\"inLanguage\":\"en-US\"},{\"@type\":\"Organization\",\"@id\":\"https:\\\/\\\/conectapalancia.es\\\/en#organization\",\"name\":\"Conecta Palancia\",\"url\":\"https:\\\/\\\/conectapalancia.es\\\/en\",\"logo\":{\"@type\":\"ImageObject\",\"inLanguage\":\"en-US\",\"@id\":\"https:\\\/\\\/conectapalancia.es\\\/en#\\\/schema\\\/logo\\\/image\\\/\",\"url\":\"https:\\\/\\\/conectapalancia.es\\\/wp-content\\\/uploads\\\/2025\\\/10\\\/logo-dOqDOn5LnMTxqkDK.avif\",\"contentUrl\":\"https:\\\/\\\/conectapalancia.es\\\/wp-content\\\/uploads\\\/2025\\\/10\\\/logo-dOqDOn5LnMTxqkDK.avif\",\"width\":768,\"height\":125,\"caption\":\"Conecta Palancia\"},\"image\":{\"@id\":\"https:\\\/\\\/conectapalancia.es\\\/en#\\\/schema\\\/logo\\\/image\\\/\"}}]}<\/script>\n<!-- \/ Yoast SEO plugin. -->","yoast_head_json":{"title":"El Celler de la Ibola | Artisan winery in A\u00edn (Sierra de Espad\u00e1n)","description":"El Celler de la Ibola, located in A\u00edn (Castell\u00f3n), produces handcrafted wines using native grape varieties and promotes sustainable wine tourism in the Sierra de Espad\u00e1n.","robots":{"index":"index","follow":"follow","max-snippet":"max-snippet:-1","max-image-preview":"max-image-preview:large","max-video-preview":"max-video-preview:-1"},"canonical":"https:\/\/conectapalancia.es\/en\/about-el-celler-de-ibola","og_locale":"en_US","og_type":"article","og_title":"El Celler de la Ibola | Artisan winery in A\u00edn (Sierra de Espad\u00e1n)","og_description":"El Celler de la Ibola, located in A\u00edn (Castell\u00f3n), produces handcrafted wines using native grape varieties and promotes sustainable wine tourism in the Sierra de Espad\u00e1n.","og_url":"https:\/\/conectapalancia.es\/en\/about-el-celler-de-ibola","og_site_name":"Conecta Palancia","article_modified_time":"2025-11-05T16:48:54+00:00","twitter_card":"summary_large_image","twitter_misc":{"Est. reading time":"3 minutes"},"schema":{"@context":"https:\/\/schema.org","@graph":[{"@type":"WebPage","@id":"https:\/\/conectapalancia.es\/en\/about-el-celler-de-ibola","url":"https:\/\/conectapalancia.es\/en\/about-el-celler-de-ibola","name":"El Celler de la Ibola | Artisan winery in A\u00edn (Sierra de Espad\u00e1n)","isPartOf":{"@id":"https:\/\/conectapalancia.es\/en#website"},"datePublished":"2025-10-28T17:54:47+00:00","dateModified":"2025-11-05T16:48:54+00:00","description":"El Celler de la Ibola, located in A\u00edn (Castell\u00f3n), produces handcrafted wines using native grape varieties and promotes sustainable wine tourism in the Sierra de Espad\u00e1n.","breadcrumb":{"@id":"https:\/\/conectapalancia.es\/en\/about-el-celler-de-ibola#breadcrumb"},"inLanguage":"en-US","potentialAction":[{"@type":"ReadAction","target":["https:\/\/conectapalancia.es\/en\/about-el-celler-de-ibola"]}]},{"@type":"BreadcrumbList","@id":"https:\/\/conectapalancia.es\/en\/about-el-celler-de-ibola#breadcrumb","itemListElement":[{"@type":"ListItem","position":1,"name":"Portada","item":"https:\/\/conectapalancia.es\/en"},{"@type":"ListItem","position":2,"name":"About EL CELLER DE IBOLA"}]},{"@type":"WebSite","@id":"https:\/\/conectapalancia.es\/en#website","url":"https:\/\/conectapalancia.es\/en","name":"Conecta Palancia","description":"","publisher":{"@id":"https:\/\/conectapalancia.es\/en#organization"},"potentialAction":[{"@type":"SearchAction","target":{"@type":"EntryPoint","urlTemplate":"https:\/\/conectapalancia.es\/en?s={search_term_string}"},"query-input":{"@type":"PropertyValueSpecification","valueRequired":true,"valueName":"search_term_string"}}],"inLanguage":"en-US"},{"@type":"Organization","@id":"https:\/\/conectapalancia.es\/en#organization","name":"Conecta Palancia","url":"https:\/\/conectapalancia.es\/en","logo":{"@type":"ImageObject","inLanguage":"en-US","@id":"https:\/\/conectapalancia.es\/en#\/schema\/logo\/image\/","url":"https:\/\/conectapalancia.es\/wp-content\/uploads\/2025\/10\/logo-dOqDOn5LnMTxqkDK.avif","contentUrl":"https:\/\/conectapalancia.es\/wp-content\/uploads\/2025\/10\/logo-dOqDOn5LnMTxqkDK.avif","width":768,"height":125,"caption":"Conecta Palancia"},"image":{"@id":"https:\/\/conectapalancia.es\/en#\/schema\/logo\/image\/"}}]}},"_hostinger_reach_plugin_has_subscription_block":false,"_hostinger_reach_plugin_is_elementor":false,"_links":{"self":[{"href":"https:\/\/conectapalancia.es\/en\/wp-json\/wp\/v2\/pages\/465","targetHints":{"allow":["GET"]}}],"collection":[{"href":"https:\/\/conectapalancia.es\/en\/wp-json\/wp\/v2\/pages"}],"about":[{"href":"https:\/\/conectapalancia.es\/en\/wp-json\/wp\/v2\/types\/page"}],"author":[{"embeddable":true,"href":"https:\/\/conectapalancia.es\/en\/wp-json\/wp\/v2\/users\/1"}],"replies":[{"embeddable":true,"href":"https:\/\/conectapalancia.es\/en\/wp-json\/wp\/v2\/comments?post=465"}],"version-history":[{"count":2,"href":"https:\/\/conectapalancia.es\/en\/wp-json\/wp\/v2\/pages\/465\/revisions"}],"predecessor-version":[{"id":467,"href":"https:\/\/conectapalancia.es\/en\/wp-json\/wp\/v2\/pages\/465\/revisions\/467"}],"wp:attachment":[{"href":"https:\/\/conectapalancia.es\/en\/wp-json\/wp\/v2\/media?parent=465"}],"curies":[{"name":"wp","href":"https:\/\/api.w.org\/{rel}","templated":true}]}}