{"id":484,"date":"2025-10-29T10:04:48","date_gmt":"2025-10-29T10:04:48","guid":{"rendered":"https:\/\/conectapalancia.es\/about-miel-azuebar"},"modified":"2025-11-05T17:01:47","modified_gmt":"2025-11-05T17:01:47","slug":"about-miel-azuebar","status":"publish","type":"page","link":"https:\/\/conectapalancia.es\/en\/about-miel-azuebar","title":{"rendered":"About MIEL Azu\u00e9bar"},"content":{"rendered":"<p>[et_pb_section fb_built=&#8221;1&#8243; admin_label=&#8221;section&#8221; _builder_version=&#8221;4.16&#8243; custom_padding=&#8221;80px|||||&#8221; global_colors_info=&#8221;{}&#8221;][et_pb_row _builder_version=&#8221;4.27.4&#8243; _module_preset=&#8221;default&#8221; custom_padding=&#8221;0px||40px|||&#8221; locked=&#8221;off&#8221; global_colors_info=&#8221;{}&#8221;][et_pb_column type=&#8221;4_4&#8243; _builder_version=&#8221;4.27.4&#8243; _module_preset=&#8221;default&#8221; global_colors_info=&#8221;{}&#8221;][et_pb_heading title=&#8221;MIEL AZU\u00c9BAR&#8221; _builder_version=&#8221;4.27.4&#8243; _module_preset=&#8221;default&#8221; title_font=&#8221;|700|||||||&#8221; title_text_align=&#8221;left&#8221; title_font_size=&#8221;52px&#8221; title_line_height=&#8221;48px&#8221; custom_margin=&#8221;||18px|||&#8221; title_font_size_tablet=&#8221;48px&#8221; title_font_size_phone=&#8221;35px&#8221; title_font_size_last_edited=&#8221;on|phone&#8221; title_line_height_tablet=&#8221;48px&#8221; title_line_height_phone=&#8221;36.5px&#8221; title_line_height_last_edited=&#8221;on|phone&#8221; global_colors_info=&#8221;{}&#8221;][\/et_pb_heading][et_pb_text _builder_version=&#8221;4.27.4&#8243; _module_preset=&#8221;default&#8221; global_colors_info=&#8221;{}&#8221;]<\/p>\n<p class=\"body\" dir=\"auto\"><span>Our brand is Mieles El Triunfo, which is 100% natural, unfiltered honey, for approximately 14 years. The honey is harvested traditionally and directly from the mountain to home. We sell locally.<\/span><\/p>\n<p>[\/et_pb_text][\/et_pb_column][\/et_pb_row][et_pb_row column_structure=&#8221;1_2,1_2&#8243; use_custom_gutter=&#8221;on&#8221; gutter_width=&#8221;2&#8243; _builder_version=&#8221;4.27.4&#8243; _module_preset=&#8221;default&#8221; custom_padding=&#8221;0px|||||&#8221; global_colors_info=&#8221;{}&#8221;][et_pb_column type=&#8221;1_2&#8243; _builder_version=&#8221;4.27.4&#8243; _module_preset=&#8221;default&#8221; global_colors_info=&#8221;{}&#8221;][et_pb_image src=&#8221;https:\/\/conectapalancia.es\/\/wp-content\/uploads\/2025\/10\/photo-1689777254817-d357d0223660.avif&#8221; title_text=&#8221;photo-1689777254817-d357d0223660&#8243; align=&#8221;center&#8221; force_fullwidth=&#8221;on&#8221; _builder_version=&#8221;4.27.4&#8243; _module_preset=&#8221;default&#8221; global_colors_info=&#8221;{}&#8221;][\/et_pb_image][\/et_pb_column][et_pb_column type=&#8221;1_2&#8243; _builder_version=&#8221;4.27.4&#8243; _module_preset=&#8221;default&#8221; global_colors_info=&#8221;{}&#8221;][et_pb_image src=&#8221;https:\/\/conectapalancia.es\/\/wp-content\/uploads\/2025\/10\/photo-1579587007203-6dc14d835970.avif&#8221; title_text=&#8221;photo-1579587007203-6dc14d835970&#8243; align=&#8221;center&#8221; force_fullwidth=&#8221;on&#8221; _builder_version=&#8221;4.27.4&#8243; _module_preset=&#8221;default&#8221; global_colors_info=&#8221;{}&#8221;][\/et_pb_image][\/et_pb_column][\/et_pb_row][et_pb_row column_structure=&#8221;1_2,1_2&#8243; use_custom_gutter=&#8221;on&#8221; gutter_width=&#8221;2&#8243; _builder_version=&#8221;4.27.4&#8243; _module_preset=&#8221;default&#8221; custom_padding=&#8221;0px||0px|||&#8221; locked=&#8221;off&#8221; global_colors_info=&#8221;{}&#8221;][et_pb_column type=&#8221;1_2&#8243; _builder_version=&#8221;4.27.4&#8243; _module_preset=&#8221;default&#8221; global_colors_info=&#8221;{}&#8221;][et_pb_image src=&#8221;https:\/\/conectapalancia.es\/\/wp-content\/uploads\/2025\/10\/cuadro-con-miel-ALp27WZp0NCMXj10.avif&#8221; title_text=&#8221;cuadro-con-miel-ALp27WZp0NCMXj10&#8243; align=&#8221;center&#8221; force_fullwidth=&#8221;on&#8221; _builder_version=&#8221;4.27.4&#8243; _module_preset=&#8221;default&#8221; global_colors_info=&#8221;{}&#8221;][\/et_pb_image][\/et_pb_column][et_pb_column type=&#8221;1_2&#8243; _builder_version=&#8221;4.27.4&#8243; _module_preset=&#8221;default&#8221; global_colors_info=&#8221;{}&#8221;][et_pb_image src=&#8221;https:\/\/conectapalancia.es\/\/wp-content\/uploads\/2025\/10\/cuadro-con-criia-d95Z79j5W1S2ZMLO.avif&#8221; title_text=&#8221;cuadro-con-criia-d95Z79j5W1S2ZMLO&#8221; align=&#8221;center&#8221; force_fullwidth=&#8221;on&#8221; _builder_version=&#8221;4.27.4&#8243; _module_preset=&#8221;default&#8221; global_colors_info=&#8221;{}&#8221;][\/et_pb_image][\/et_pb_column][\/et_pb_row][\/et_pb_section]<\/p>\n","protected":false},"excerpt":{"rendered":"<p>Our brand is Mieles El Triunfo, which is 100% natural, unfiltered honey, for approximately 14 years. The honey is harvested traditionally and directly from the mountain to home. We sell locally.<\/p>\n","protected":false},"author":1,"featured_media":0,"parent":0,"menu_order":0,"comment_status":"closed","ping_status":"closed","template":"","meta":{"_et_pb_use_builder":"on","_et_pb_old_content":"","_et_gb_content_width":"","footnotes":""},"class_list":["post-484","page","type-page","status-publish","hentry"],"yoast_head":"<!-- This site is optimized with the Yoast SEO plugin v27.4 - https:\/\/yoast.com\/product\/yoast-seo-wordpress\/ -->\n<title>Miel Azu\u00e9bar \u2013 100% Natural Honey in Azu\u00e9bar (Castell\u00f3n)<\/title>\n<meta name=\"description\" content=\"Miel Azu\u00e9bar, a brand of Mieles El Triunfo, has been offering unfiltered natural honey for over 14 years in Azu\u00e9bar (Alto Palancia). Handcrafted beekeeping with an authentic mountain flavor.\" \/>\n<meta name=\"robots\" content=\"index, follow, max-snippet:-1, max-image-preview:large, max-video-preview:-1\" \/>\n<link rel=\"canonical\" href=\"https:\/\/conectapalancia.es\/en\/about-miel-azuebar\" \/>\n<meta property=\"og:locale\" content=\"en_US\" \/>\n<meta property=\"og:type\" content=\"article\" \/>\n<meta property=\"og:title\" content=\"Miel Azu\u00e9bar \u2013 100% Natural Honey in Azu\u00e9bar (Castell\u00f3n)\" \/>\n<meta property=\"og:description\" content=\"Miel Azu\u00e9bar, a brand of Mieles El Triunfo, has been offering unfiltered natural honey for over 14 years in Azu\u00e9bar (Alto Palancia). Handcrafted beekeeping with an authentic mountain flavor.\" \/>\n<meta property=\"og:url\" content=\"https:\/\/conectapalancia.es\/en\/about-miel-azuebar\" \/>\n<meta property=\"og:site_name\" content=\"Conecta Palancia\" \/>\n<meta property=\"article:modified_time\" content=\"2025-11-05T17:01:47+00:00\" \/>\n<meta name=\"twitter:card\" content=\"summary_large_image\" \/>\n<meta name=\"twitter:label1\" content=\"Est. reading time\" \/>\n\t<meta name=\"twitter:data1\" content=\"2 minutes\" \/>\n<script type=\"application\/ld+json\" class=\"yoast-schema-graph\">{\"@context\":\"https:\\\/\\\/schema.org\",\"@graph\":[{\"@type\":\"WebPage\",\"@id\":\"https:\\\/\\\/conectapalancia.es\\\/en\\\/about-miel-azuebar\",\"url\":\"https:\\\/\\\/conectapalancia.es\\\/en\\\/about-miel-azuebar\",\"name\":\"Miel Azu\u00e9bar \u2013 100% Natural Honey in Azu\u00e9bar (Castell\u00f3n)\",\"isPartOf\":{\"@id\":\"https:\\\/\\\/conectapalancia.es\\\/en#website\"},\"datePublished\":\"2025-10-29T10:04:48+00:00\",\"dateModified\":\"2025-11-05T17:01:47+00:00\",\"description\":\"Miel Azu\u00e9bar, a brand of Mieles El Triunfo, has been offering unfiltered natural honey for over 14 years in Azu\u00e9bar (Alto Palancia). Handcrafted beekeeping with an authentic mountain flavor.\",\"breadcrumb\":{\"@id\":\"https:\\\/\\\/conectapalancia.es\\\/en\\\/about-miel-azuebar#breadcrumb\"},\"inLanguage\":\"en-US\",\"potentialAction\":[{\"@type\":\"ReadAction\",\"target\":[\"https:\\\/\\\/conectapalancia.es\\\/en\\\/about-miel-azuebar\"]}]},{\"@type\":\"BreadcrumbList\",\"@id\":\"https:\\\/\\\/conectapalancia.es\\\/en\\\/about-miel-azuebar#breadcrumb\",\"itemListElement\":[{\"@type\":\"ListItem\",\"position\":1,\"name\":\"Portada\",\"item\":\"https:\\\/\\\/conectapalancia.es\\\/en\"},{\"@type\":\"ListItem\",\"position\":2,\"name\":\"About MIEL Azu\u00e9bar\"}]},{\"@type\":\"WebSite\",\"@id\":\"https:\\\/\\\/conectapalancia.es\\\/en#website\",\"url\":\"https:\\\/\\\/conectapalancia.es\\\/en\",\"name\":\"Conecta Palancia\",\"description\":\"\",\"publisher\":{\"@id\":\"https:\\\/\\\/conectapalancia.es\\\/en#organization\"},\"potentialAction\":[{\"@type\":\"SearchAction\",\"target\":{\"@type\":\"EntryPoint\",\"urlTemplate\":\"https:\\\/\\\/conectapalancia.es\\\/en?s={search_term_string}\"},\"query-input\":{\"@type\":\"PropertyValueSpecification\",\"valueRequired\":true,\"valueName\":\"search_term_string\"}}],\"inLanguage\":\"en-US\"},{\"@type\":\"Organization\",\"@id\":\"https:\\\/\\\/conectapalancia.es\\\/en#organization\",\"name\":\"Conecta Palancia\",\"url\":\"https:\\\/\\\/conectapalancia.es\\\/en\",\"logo\":{\"@type\":\"ImageObject\",\"inLanguage\":\"en-US\",\"@id\":\"https:\\\/\\\/conectapalancia.es\\\/en#\\\/schema\\\/logo\\\/image\\\/\",\"url\":\"https:\\\/\\\/conectapalancia.es\\\/wp-content\\\/uploads\\\/2025\\\/10\\\/logo-dOqDOn5LnMTxqkDK.avif\",\"contentUrl\":\"https:\\\/\\\/conectapalancia.es\\\/wp-content\\\/uploads\\\/2025\\\/10\\\/logo-dOqDOn5LnMTxqkDK.avif\",\"width\":768,\"height\":125,\"caption\":\"Conecta Palancia\"},\"image\":{\"@id\":\"https:\\\/\\\/conectapalancia.es\\\/en#\\\/schema\\\/logo\\\/image\\\/\"}}]}<\/script>\n<!-- \/ Yoast SEO plugin. -->","yoast_head_json":{"title":"Miel Azu\u00e9bar \u2013 100% Natural Honey in Azu\u00e9bar (Castell\u00f3n)","description":"Miel Azu\u00e9bar, a brand of Mieles El Triunfo, has been offering unfiltered natural honey for over 14 years in Azu\u00e9bar (Alto Palancia). Handcrafted beekeeping with an authentic mountain flavor.","robots":{"index":"index","follow":"follow","max-snippet":"max-snippet:-1","max-image-preview":"max-image-preview:large","max-video-preview":"max-video-preview:-1"},"canonical":"https:\/\/conectapalancia.es\/en\/about-miel-azuebar","og_locale":"en_US","og_type":"article","og_title":"Miel Azu\u00e9bar \u2013 100% Natural Honey in Azu\u00e9bar (Castell\u00f3n)","og_description":"Miel Azu\u00e9bar, a brand of Mieles El Triunfo, has been offering unfiltered natural honey for over 14 years in Azu\u00e9bar (Alto Palancia). Handcrafted beekeeping with an authentic mountain flavor.","og_url":"https:\/\/conectapalancia.es\/en\/about-miel-azuebar","og_site_name":"Conecta Palancia","article_modified_time":"2025-11-05T17:01:47+00:00","twitter_card":"summary_large_image","twitter_misc":{"Est. reading time":"2 minutes"},"schema":{"@context":"https:\/\/schema.org","@graph":[{"@type":"WebPage","@id":"https:\/\/conectapalancia.es\/en\/about-miel-azuebar","url":"https:\/\/conectapalancia.es\/en\/about-miel-azuebar","name":"Miel Azu\u00e9bar \u2013 100% Natural Honey in Azu\u00e9bar (Castell\u00f3n)","isPartOf":{"@id":"https:\/\/conectapalancia.es\/en#website"},"datePublished":"2025-10-29T10:04:48+00:00","dateModified":"2025-11-05T17:01:47+00:00","description":"Miel Azu\u00e9bar, a brand of Mieles El Triunfo, has been offering unfiltered natural honey for over 14 years in Azu\u00e9bar (Alto Palancia). Handcrafted beekeeping with an authentic mountain flavor.","breadcrumb":{"@id":"https:\/\/conectapalancia.es\/en\/about-miel-azuebar#breadcrumb"},"inLanguage":"en-US","potentialAction":[{"@type":"ReadAction","target":["https:\/\/conectapalancia.es\/en\/about-miel-azuebar"]}]},{"@type":"BreadcrumbList","@id":"https:\/\/conectapalancia.es\/en\/about-miel-azuebar#breadcrumb","itemListElement":[{"@type":"ListItem","position":1,"name":"Portada","item":"https:\/\/conectapalancia.es\/en"},{"@type":"ListItem","position":2,"name":"About MIEL Azu\u00e9bar"}]},{"@type":"WebSite","@id":"https:\/\/conectapalancia.es\/en#website","url":"https:\/\/conectapalancia.es\/en","name":"Conecta Palancia","description":"","publisher":{"@id":"https:\/\/conectapalancia.es\/en#organization"},"potentialAction":[{"@type":"SearchAction","target":{"@type":"EntryPoint","urlTemplate":"https:\/\/conectapalancia.es\/en?s={search_term_string}"},"query-input":{"@type":"PropertyValueSpecification","valueRequired":true,"valueName":"search_term_string"}}],"inLanguage":"en-US"},{"@type":"Organization","@id":"https:\/\/conectapalancia.es\/en#organization","name":"Conecta Palancia","url":"https:\/\/conectapalancia.es\/en","logo":{"@type":"ImageObject","inLanguage":"en-US","@id":"https:\/\/conectapalancia.es\/en#\/schema\/logo\/image\/","url":"https:\/\/conectapalancia.es\/wp-content\/uploads\/2025\/10\/logo-dOqDOn5LnMTxqkDK.avif","contentUrl":"https:\/\/conectapalancia.es\/wp-content\/uploads\/2025\/10\/logo-dOqDOn5LnMTxqkDK.avif","width":768,"height":125,"caption":"Conecta Palancia"},"image":{"@id":"https:\/\/conectapalancia.es\/en#\/schema\/logo\/image\/"}}]}},"_hostinger_reach_plugin_has_subscription_block":false,"_hostinger_reach_plugin_is_elementor":false,"_links":{"self":[{"href":"https:\/\/conectapalancia.es\/en\/wp-json\/wp\/v2\/pages\/484","targetHints":{"allow":["GET"]}}],"collection":[{"href":"https:\/\/conectapalancia.es\/en\/wp-json\/wp\/v2\/pages"}],"about":[{"href":"https:\/\/conectapalancia.es\/en\/wp-json\/wp\/v2\/types\/page"}],"author":[{"embeddable":true,"href":"https:\/\/conectapalancia.es\/en\/wp-json\/wp\/v2\/users\/1"}],"replies":[{"embeddable":true,"href":"https:\/\/conectapalancia.es\/en\/wp-json\/wp\/v2\/comments?post=484"}],"version-history":[{"count":2,"href":"https:\/\/conectapalancia.es\/en\/wp-json\/wp\/v2\/pages\/484\/revisions"}],"predecessor-version":[{"id":486,"href":"https:\/\/conectapalancia.es\/en\/wp-json\/wp\/v2\/pages\/484\/revisions\/486"}],"wp:attachment":[{"href":"https:\/\/conectapalancia.es\/en\/wp-json\/wp\/v2\/media?parent=484"}],"curies":[{"name":"wp","href":"https:\/\/api.w.org\/{rel}","templated":true}]}}