{"id":700,"date":"2025-11-17T08:55:46","date_gmt":"2025-11-17T08:55:46","guid":{"rendered":"https:\/\/conectapalancia.es\/about-el-rincon-del-almanzor"},"modified":"2026-01-23T11:35:54","modified_gmt":"2026-01-23T11:35:54","slug":"about-el-rincon-del-almanzor","status":"publish","type":"page","link":"https:\/\/conectapalancia.es\/en\/about-el-rincon-del-almanzor","title":{"rendered":"About El Rinc\u00f3n del Almanzor"},"content":{"rendered":"<p>[et_pb_section fb_built=&#8221;1&#8243; admin_label=&#8221;section&#8221; _builder_version=&#8221;4.16&#8243; custom_padding=&#8221;80px|||||&#8221; global_colors_info=&#8221;{}&#8221;][et_pb_row _builder_version=&#8221;4.27.4&#8243; _module_preset=&#8221;default&#8221; custom_padding=&#8221;0px||40px|||&#8221; locked=&#8221;off&#8221; global_colors_info=&#8221;{}&#8221;][et_pb_column type=&#8221;4_4&#8243; _builder_version=&#8221;4.27.4&#8243; _module_preset=&#8221;default&#8221; global_colors_info=&#8221;{}&#8221;][et_pb_heading title=&#8221;El Rinc\u00f3n del Almanzor &#8221; _builder_version=&#8221;4.27.4&#8243; _module_preset=&#8221;default&#8221; title_font=&#8221;|700||on|||||&#8221; title_text_align=&#8221;left&#8221; title_font_size=&#8221;52px&#8221; title_line_height=&#8221;48px&#8221; custom_margin=&#8221;||18px|||&#8221; title_font_size_tablet=&#8221;48px&#8221; title_font_size_phone=&#8221;35px&#8221; title_font_size_last_edited=&#8221;on|phone&#8221; title_line_height_tablet=&#8221;48px&#8221; title_line_height_phone=&#8221;36.5px&#8221; title_line_height_last_edited=&#8221;on|phone&#8221; global_colors_info=&#8221;{}&#8221;][\/et_pb_heading][\/et_pb_column][\/et_pb_row][et_pb_row column_structure=&#8221;1_2,1_2&#8243; make_equal=&#8221;on&#8221; _builder_version=&#8221;4.27.4&#8243; _module_preset=&#8221;default&#8221; custom_css_main_element=&#8221;align-items:center;&#8221; global_colors_info=&#8221;{}&#8221;][et_pb_column type=&#8221;1_2&#8243; _builder_version=&#8221;4.27.4&#8243; _module_preset=&#8221;default&#8221; global_colors_info=&#8221;{}&#8221;][et_pb_image src=&#8221;https:\/\/conectapalancia.es\/wp-content\/uploads\/2025\/11\/Logo-tienda-Almedijar-_20250526_095043_0000.pdf.png&#8221; title_text=&#8221;Logo tienda Almed\u00edjar _20250526_095043_0000.pdf&#8221; _builder_version=&#8221;4.27.4&#8243; _module_preset=&#8221;default&#8221; global_colors_info=&#8221;{}&#8221;][\/et_pb_image][\/et_pb_column][et_pb_column type=&#8221;1_2&#8243; _builder_version=&#8221;4.27.4&#8243; _module_preset=&#8221;default&#8221; global_colors_info=&#8221;{}&#8221;][et_pb_image src=&#8221;https:\/\/conectapalancia.es\/wp-content\/uploads\/2025\/11\/1000086180-1.jpg&#8221; title_text=&#8221;1000086180&#8243; _builder_version=&#8221;4.27.4&#8243; _module_preset=&#8221;default&#8221; global_colors_info=&#8221;{}&#8221;][\/et_pb_image][\/et_pb_column][\/et_pb_row][et_pb_row column_structure=&#8221;1_3,1_3,1_3&#8243; use_custom_gutter=&#8221;on&#8221; gutter_width=&#8221;2&#8243; _builder_version=&#8221;4.27.4&#8243; _module_preset=&#8221;default&#8221; custom_padding=&#8221;0px|||||&#8221; global_colors_info=&#8221;{}&#8221;][et_pb_column type=&#8221;1_3&#8243; _builder_version=&#8221;4.27.4&#8243; _module_preset=&#8221;default&#8221; global_colors_info=&#8221;{}&#8221;][et_pb_image src=&#8221;https:\/\/conectapalancia.es\/wp-content\/uploads\/2025\/11\/1000109284-rotated.jpg&#8221; title_text=&#8221;1000109284&#8243; align=&#8221;center&#8221; force_fullwidth=&#8221;on&#8221; _builder_version=&#8221;4.27.4&#8243; _module_preset=&#8221;default&#8221; global_colors_info=&#8221;{}&#8221;][\/et_pb_image][\/et_pb_column][et_pb_column type=&#8221;1_3&#8243; _builder_version=&#8221;4.27.4&#8243; _module_preset=&#8221;default&#8221; global_colors_info=&#8221;{}&#8221;][et_pb_image src=&#8221;https:\/\/conectapalancia.es\/wp-content\/uploads\/2025\/11\/1000101161-rotated.jpg&#8221; title_text=&#8221;1000101161&#8243; align=&#8221;center&#8221; force_fullwidth=&#8221;on&#8221; _builder_version=&#8221;4.27.4&#8243; _module_preset=&#8221;default&#8221; global_colors_info=&#8221;{}&#8221;][\/et_pb_image][\/et_pb_column][et_pb_column type=&#8221;1_3&#8243; _builder_version=&#8221;4.27.4&#8243; _module_preset=&#8221;default&#8221; global_colors_info=&#8221;{}&#8221;][et_pb_image src=&#8221;https:\/\/conectapalancia.es\/wp-content\/uploads\/2025\/11\/1000115704-rotated.jpg&#8221; title_text=&#8221;1000115704&#8243; align=&#8221;center&#8221; force_fullwidth=&#8221;on&#8221; _builder_version=&#8221;4.27.4&#8243; _module_preset=&#8221;default&#8221; global_colors_info=&#8221;{}&#8221;][\/et_pb_image][\/et_pb_column][\/et_pb_row][et_pb_row column_structure=&#8221;1_2,1_2&#8243; _builder_version=&#8221;4.27.4&#8243; _module_preset=&#8221;default&#8221; custom_padding=&#8221;0px||22px|||&#8221; locked=&#8221;off&#8221; global_colors_info=&#8221;{}&#8221;][et_pb_column type=&#8221;1_2&#8243; _builder_version=&#8221;4.27.4&#8243; _module_preset=&#8221;default&#8221; global_colors_info=&#8221;{}&#8221;][et_pb_text _builder_version=&#8221;4.27.4&#8243; _module_preset=&#8221;default&#8221; text_font=&#8221;||||||||&#8221; global_colors_info=&#8221;{}&#8221;]<\/p>\n<section id=\"z9GNAi\" class=\"block\" data-v-56bc2a90=\"\" data-qa=\"block\">\n<div class=\"block-layout block-layout--layout\" data-v-56bc2a90=\"\">\n<div class=\"layout-element layout-element--layout layout-element transition transition--slide\" data-v-4edbe80f=\"\" data-qa=\"layout-element-wrapper:zotya6\" data-animation-state=\"active\">\n<div class=\"text-box layout-element__component layout-element__component--GridTextBox\" id=\"zoTYa6\" data-v-4edbe80f=\"\" data-qa=\"gridtextbox:zotya6\">\n<section id=\"zX-vvd\" class=\"block\" data-v-56bc2a90=\"\" data-qa=\"block\">\n<div class=\"block-layout block-layout--layout\" data-v-56bc2a90=\"\">\n<div class=\"layout-element layout-element--layout layout-element transition transition--slide\" data-v-4edbe80f=\"\" data-qa=\"layout-element-wrapper:znrjxa\" data-animation-state=\"active\">\n<div class=\"text-box layout-element__component layout-element__component--GridTextBox\" id=\"znrJXa\" data-v-4edbe80f=\"\" data-qa=\"gridtextbox:znrjxa\">\n<section id=\"z_uAh1\" class=\"block\" data-v-56bc2a90=\"\" data-qa=\"block\">\n<div class=\"block-layout block-layout--layout\" data-v-56bc2a90=\"\">\n<div class=\"layout-element layout-element--layout layout-element transition transition--slide\" data-v-4edbe80f=\"\" data-qa=\"layout-element-wrapper:zbc1cj\" data-animation-state=\"active\">\n<div class=\"text-box layout-element__component layout-element__component--GridTextBox\" id=\"zbc1Cj\" data-v-4edbe80f=\"\" data-qa=\"gridtextbox:zbc1cj\">\n<section id=\"zmwt3w\" class=\"block\" data-v-56bc2a90=\"\" data-qa=\"block\">\n<div class=\"block-layout block-layout--layout\" data-v-56bc2a90=\"\">\n<div class=\"layout-element layout-element--layout layout-element transition transition--slide\" data-v-4edbe80f=\"\" data-qa=\"layout-element-wrapper:z8tyat\" data-animation-state=\"active\">\n<div class=\"text-box layout-element__component layout-element__component--GridTextBox\" id=\"z8tyAT\" data-v-4edbe80f=\"\" data-qa=\"gridtextbox:z8tyat\">\n<section id=\"zkUmbo\" class=\"block\" data-v-56bc2a90=\"\" data-qa=\"block\">\n<div class=\"block-layout block-layout--layout\" data-v-56bc2a90=\"\">\n<div class=\"layout-element layout-element--layout layout-element transition transition--slide\" data-v-4edbe80f=\"\" data-qa=\"layout-element-wrapper:zs4jmy\" data-animation-state=\"active\">\n<div class=\"text-box layout-element__component layout-element__component--GridTextBox\" id=\"zS4JMy\" data-v-4edbe80f=\"\" data-qa=\"gridtextbox:zs4jmy\">\n<section id=\"ze1Hm5\" class=\"block\" data-v-56bc2a90=\"\" data-qa=\"block\">\n<div class=\"block-layout block-layout--layout\" data-v-56bc2a90=\"\">\n<div class=\"layout-element layout-element--layout layout-element transition transition--slide\" data-v-4edbe80f=\"\" data-qa=\"layout-element-wrapper:zl5ivk\" data-animation-state=\"active\">\n<div class=\"text-box layout-element__component layout-element__component--GridTextBox\" id=\"zl5iVk\" data-v-4edbe80f=\"\" data-qa=\"gridtextbox:zl5ivk\">\n<section id=\"z6X4qY\" class=\"block\" data-v-56bc2a90=\"\" data-qa=\"block\">\n<div class=\"block-layout block-layout--layout\" data-v-56bc2a90=\"\">\n<div class=\"layout-element layout-element--layout layout-element transition transition--slide\" data-v-4edbe80f=\"\" data-qa=\"layout-element-wrapper:zibytt\" data-animation-state=\"active\">\n<div class=\"text-box layout-element__component layout-element__component--GridTextBox\" id=\"ziByTT\" data-v-4edbe80f=\"\" data-qa=\"gridtextbox:zibytt\">\n<section id=\"zUShxj\" class=\"block\" data-v-56bc2a90=\"\" data-qa=\"block\">\n<div class=\"block-layout block-layout--layout\" data-v-56bc2a90=\"\">\n<div class=\"layout-element layout-element--layout layout-element transition transition--slide\" data-v-4edbe80f=\"\" data-qa=\"layout-element-wrapper:zo-rl_\" data-animation-state=\"active\">\n<div class=\"text-box layout-element__component layout-element__component--GridTextBox\" id=\"zO-rL_\" data-v-4edbe80f=\"\" data-qa=\"gridtextbox:zo-rl_\">\n<p class=\"body-small\" dir=\"auto\">Name: El Rinc\u00f3n del Almanzor<\/p>\n<p class=\"body-small\" dir=\"auto\">Speciality: Panader\u00eda y reposter\u00eda<\/p>\n<p class=\"body-small\" dir=\"auto\">population: 12480 SONEJA<\/p>\n<p class=\"body-small\" dir=\"auto\">Phone: 613 08 20 56<\/p>\n<p class=\"body-small\" dir=\"auto\">E-mail: <a href=\"mailto:artesanosdelrincondelalmanzor@gmail.com\">artesanosdelrincondelalmanzor@gmail.com<\/a><\/p>\n<\/div>\n<\/div>\n<\/div>\n<\/section>\n<section id=\"z6vAd1\" class=\"block\" data-v-56bc2a90=\"\" data-qa=\"block\"><\/section>\n<\/div>\n<\/div>\n<\/div>\n<\/section>\n<section id=\"zng25z\" class=\"block\" data-v-56bc2a90=\"\" data-qa=\"block\"><\/section>\n<\/div>\n<\/div>\n<\/div>\n<\/section>\n<section id=\"zWJEH0\" class=\"block\" data-v-56bc2a90=\"\" data-qa=\"block\"><\/section>\n<\/div>\n<\/div>\n<\/div>\n<\/section>\n<section id=\"zv6zOB\" class=\"block\" data-v-56bc2a90=\"\" data-qa=\"block\"><\/section>\n<\/div>\n<\/div>\n<\/div>\n<\/section>\n<\/div>\n<\/div>\n<\/div>\n<\/section>\n<section id=\"zAcXIQ\" class=\"block\" data-v-56bc2a90=\"\" data-qa=\"block\"><\/section>\n<\/div>\n<\/div>\n<\/div>\n<\/section>\n<section id=\"zHaHLY\" class=\"block\" data-v-56bc2a90=\"\" data-qa=\"block\"><\/section>\n<\/div>\n<\/div>\n<\/div>\n<\/section>\n<section id=\"zlG-Dp\" class=\"block\" data-v-56bc2a90=\"\" data-qa=\"block\"><\/section>\n<p>[\/et_pb_text][\/et_pb_column][et_pb_column type=&#8221;1_2&#8243; _builder_version=&#8221;4.27.4&#8243; _module_preset=&#8221;default&#8221; global_colors_info=&#8221;{}&#8221;][\/et_pb_column][\/et_pb_row][\/et_pb_section]<\/p>\n","protected":false},"excerpt":{"rendered":"<p>Name: El Rinc\u00f3n del Almanzor Speciality: Panader\u00eda y reposter\u00eda population: 12480 SONEJA Phone: 613 08 20 56 E-mail: artesanosdelrincondelalmanzor@gmail.com<\/p>\n","protected":false},"author":1,"featured_media":0,"parent":0,"menu_order":0,"comment_status":"closed","ping_status":"closed","template":"","meta":{"_et_pb_use_builder":"on","_et_pb_old_content":"","_et_gb_content_width":"","footnotes":""},"class_list":["post-700","page","type-page","status-publish","hentry"],"yoast_head":"<!-- This site is optimized with the Yoast SEO plugin v27.4 - https:\/\/yoast.com\/product\/yoast-seo-wordpress\/ -->\n<title>About El Rinc\u00f3n del Almanzor - Conecta Palancia<\/title>\n<meta name=\"robots\" content=\"index, follow, max-snippet:-1, max-image-preview:large, max-video-preview:-1\" \/>\n<link rel=\"canonical\" href=\"https:\/\/conectapalancia.es\/en\/about-el-rincon-del-almanzor\" \/>\n<meta property=\"og:locale\" content=\"en_US\" \/>\n<meta property=\"og:type\" content=\"article\" \/>\n<meta property=\"og:title\" content=\"About El Rinc\u00f3n del Almanzor - Conecta Palancia\" \/>\n<meta property=\"og:description\" content=\"Name: El Rinc\u00f3n del Almanzor Speciality: Panader\u00eda y reposter\u00eda population: 12480 SONEJA Phone: 613 08 20 56 E-mail: artesanosdelrincondelalmanzor@gmail.com\" \/>\n<meta property=\"og:url\" content=\"https:\/\/conectapalancia.es\/en\/about-el-rincon-del-almanzor\" \/>\n<meta property=\"og:site_name\" content=\"Conecta Palancia\" \/>\n<meta property=\"article:modified_time\" content=\"2026-01-23T11:35:54+00:00\" \/>\n<meta name=\"twitter:card\" content=\"summary_large_image\" \/>\n<meta name=\"twitter:label1\" content=\"Est. reading time\" \/>\n\t<meta name=\"twitter:data1\" content=\"2 minutes\" \/>\n<script type=\"application\/ld+json\" class=\"yoast-schema-graph\">{\"@context\":\"https:\\\/\\\/schema.org\",\"@graph\":[{\"@type\":\"WebPage\",\"@id\":\"https:\\\/\\\/conectapalancia.es\\\/en\\\/about-el-rincon-del-almanzor\",\"url\":\"https:\\\/\\\/conectapalancia.es\\\/en\\\/about-el-rincon-del-almanzor\",\"name\":\"About El Rinc\u00f3n del Almanzor - Conecta Palancia\",\"isPartOf\":{\"@id\":\"https:\\\/\\\/conectapalancia.es\\\/en#website\"},\"datePublished\":\"2025-11-17T08:55:46+00:00\",\"dateModified\":\"2026-01-23T11:35:54+00:00\",\"breadcrumb\":{\"@id\":\"https:\\\/\\\/conectapalancia.es\\\/en\\\/about-el-rincon-del-almanzor#breadcrumb\"},\"inLanguage\":\"en-US\",\"potentialAction\":[{\"@type\":\"ReadAction\",\"target\":[\"https:\\\/\\\/conectapalancia.es\\\/en\\\/about-el-rincon-del-almanzor\"]}]},{\"@type\":\"BreadcrumbList\",\"@id\":\"https:\\\/\\\/conectapalancia.es\\\/en\\\/about-el-rincon-del-almanzor#breadcrumb\",\"itemListElement\":[{\"@type\":\"ListItem\",\"position\":1,\"name\":\"Portada\",\"item\":\"https:\\\/\\\/conectapalancia.es\\\/en\"},{\"@type\":\"ListItem\",\"position\":2,\"name\":\"About El Rinc\u00f3n del Almanzor\"}]},{\"@type\":\"WebSite\",\"@id\":\"https:\\\/\\\/conectapalancia.es\\\/en#website\",\"url\":\"https:\\\/\\\/conectapalancia.es\\\/en\",\"name\":\"Conecta Palancia\",\"description\":\"\",\"publisher\":{\"@id\":\"https:\\\/\\\/conectapalancia.es\\\/en#organization\"},\"potentialAction\":[{\"@type\":\"SearchAction\",\"target\":{\"@type\":\"EntryPoint\",\"urlTemplate\":\"https:\\\/\\\/conectapalancia.es\\\/en?s={search_term_string}\"},\"query-input\":{\"@type\":\"PropertyValueSpecification\",\"valueRequired\":true,\"valueName\":\"search_term_string\"}}],\"inLanguage\":\"en-US\"},{\"@type\":\"Organization\",\"@id\":\"https:\\\/\\\/conectapalancia.es\\\/en#organization\",\"name\":\"Conecta Palancia\",\"url\":\"https:\\\/\\\/conectapalancia.es\\\/en\",\"logo\":{\"@type\":\"ImageObject\",\"inLanguage\":\"en-US\",\"@id\":\"https:\\\/\\\/conectapalancia.es\\\/en#\\\/schema\\\/logo\\\/image\\\/\",\"url\":\"https:\\\/\\\/conectapalancia.es\\\/wp-content\\\/uploads\\\/2025\\\/10\\\/logo-dOqDOn5LnMTxqkDK.avif\",\"contentUrl\":\"https:\\\/\\\/conectapalancia.es\\\/wp-content\\\/uploads\\\/2025\\\/10\\\/logo-dOqDOn5LnMTxqkDK.avif\",\"width\":768,\"height\":125,\"caption\":\"Conecta Palancia\"},\"image\":{\"@id\":\"https:\\\/\\\/conectapalancia.es\\\/en#\\\/schema\\\/logo\\\/image\\\/\"}}]}<\/script>\n<!-- \/ Yoast SEO plugin. -->","yoast_head_json":{"title":"About El Rinc\u00f3n del Almanzor - Conecta Palancia","robots":{"index":"index","follow":"follow","max-snippet":"max-snippet:-1","max-image-preview":"max-image-preview:large","max-video-preview":"max-video-preview:-1"},"canonical":"https:\/\/conectapalancia.es\/en\/about-el-rincon-del-almanzor","og_locale":"en_US","og_type":"article","og_title":"About El Rinc\u00f3n del Almanzor - Conecta Palancia","og_description":"Name: El Rinc\u00f3n del Almanzor Speciality: Panader\u00eda y reposter\u00eda population: 12480 SONEJA Phone: 613 08 20 56 E-mail: artesanosdelrincondelalmanzor@gmail.com","og_url":"https:\/\/conectapalancia.es\/en\/about-el-rincon-del-almanzor","og_site_name":"Conecta Palancia","article_modified_time":"2026-01-23T11:35:54+00:00","twitter_card":"summary_large_image","twitter_misc":{"Est. reading time":"2 minutes"},"schema":{"@context":"https:\/\/schema.org","@graph":[{"@type":"WebPage","@id":"https:\/\/conectapalancia.es\/en\/about-el-rincon-del-almanzor","url":"https:\/\/conectapalancia.es\/en\/about-el-rincon-del-almanzor","name":"About El Rinc\u00f3n del Almanzor - Conecta Palancia","isPartOf":{"@id":"https:\/\/conectapalancia.es\/en#website"},"datePublished":"2025-11-17T08:55:46+00:00","dateModified":"2026-01-23T11:35:54+00:00","breadcrumb":{"@id":"https:\/\/conectapalancia.es\/en\/about-el-rincon-del-almanzor#breadcrumb"},"inLanguage":"en-US","potentialAction":[{"@type":"ReadAction","target":["https:\/\/conectapalancia.es\/en\/about-el-rincon-del-almanzor"]}]},{"@type":"BreadcrumbList","@id":"https:\/\/conectapalancia.es\/en\/about-el-rincon-del-almanzor#breadcrumb","itemListElement":[{"@type":"ListItem","position":1,"name":"Portada","item":"https:\/\/conectapalancia.es\/en"},{"@type":"ListItem","position":2,"name":"About El Rinc\u00f3n del Almanzor"}]},{"@type":"WebSite","@id":"https:\/\/conectapalancia.es\/en#website","url":"https:\/\/conectapalancia.es\/en","name":"Conecta Palancia","description":"","publisher":{"@id":"https:\/\/conectapalancia.es\/en#organization"},"potentialAction":[{"@type":"SearchAction","target":{"@type":"EntryPoint","urlTemplate":"https:\/\/conectapalancia.es\/en?s={search_term_string}"},"query-input":{"@type":"PropertyValueSpecification","valueRequired":true,"valueName":"search_term_string"}}],"inLanguage":"en-US"},{"@type":"Organization","@id":"https:\/\/conectapalancia.es\/en#organization","name":"Conecta Palancia","url":"https:\/\/conectapalancia.es\/en","logo":{"@type":"ImageObject","inLanguage":"en-US","@id":"https:\/\/conectapalancia.es\/en#\/schema\/logo\/image\/","url":"https:\/\/conectapalancia.es\/wp-content\/uploads\/2025\/10\/logo-dOqDOn5LnMTxqkDK.avif","contentUrl":"https:\/\/conectapalancia.es\/wp-content\/uploads\/2025\/10\/logo-dOqDOn5LnMTxqkDK.avif","width":768,"height":125,"caption":"Conecta Palancia"},"image":{"@id":"https:\/\/conectapalancia.es\/en#\/schema\/logo\/image\/"}}]}},"_hostinger_reach_plugin_has_subscription_block":false,"_hostinger_reach_plugin_is_elementor":false,"_links":{"self":[{"href":"https:\/\/conectapalancia.es\/en\/wp-json\/wp\/v2\/pages\/700","targetHints":{"allow":["GET"]}}],"collection":[{"href":"https:\/\/conectapalancia.es\/en\/wp-json\/wp\/v2\/pages"}],"about":[{"href":"https:\/\/conectapalancia.es\/en\/wp-json\/wp\/v2\/types\/page"}],"author":[{"embeddable":true,"href":"https:\/\/conectapalancia.es\/en\/wp-json\/wp\/v2\/users\/1"}],"replies":[{"embeddable":true,"href":"https:\/\/conectapalancia.es\/en\/wp-json\/wp\/v2\/comments?post=700"}],"version-history":[{"count":2,"href":"https:\/\/conectapalancia.es\/en\/wp-json\/wp\/v2\/pages\/700\/revisions"}],"predecessor-version":[{"id":702,"href":"https:\/\/conectapalancia.es\/en\/wp-json\/wp\/v2\/pages\/700\/revisions\/702"}],"wp:attachment":[{"href":"https:\/\/conectapalancia.es\/en\/wp-json\/wp\/v2\/media?parent=700"}],"curies":[{"name":"wp","href":"https:\/\/api.w.org\/{rel}","templated":true}]}}